{"id":14478,"date":"2025-02-20T08:22:33","date_gmt":"2025-02-20T08:22:33","guid":{"rendered":"https:\/\/davidgonzalez-psicoleg.com\/?page_id=14478"},"modified":"2025-02-20T20:45:45","modified_gmt":"2025-02-20T20:45:45","slug":"blog","status":"publish","type":"page","link":"https:\/\/davidgonzalez-psicoleg.com\/ca\/blog\/","title":{"rendered":"Blog"},"content":{"rendered":"<div data-elementor-type=\"wp-page\" data-elementor-id=\"14478\" class=\"elementor elementor-14478\" data-elementor-post-type=\"page\">\n\t\t\t\t<div class=\"elementor-element elementor-element-44c76ff e-con-full e-flex e-con e-parent\" data-id=\"44c76ff\" data-element_type=\"container\" data-settings=\"{&quot;background_background&quot;:&quot;classic&quot;,&quot;xpro_backdrop_filter&quot;:&quot;yes&quot;}\">\n\t\t<div class=\"elementor-element elementor-element-98880f3 e-con-full e-flex e-con e-child\" data-id=\"98880f3\" data-element_type=\"container\">\n\t\t<div class=\"elementor-element elementor-element-84dcfeb e-con-full e-transform e-transform e-flex e-con e-child\" data-id=\"84dcfeb\" data-element_type=\"container\" data-settings=\"{&quot;background_background&quot;:&quot;gradient&quot;,&quot;_transform_scale_effect&quot;:{&quot;unit&quot;:&quot;px&quot;,&quot;size&quot;:1.1,&quot;sizes&quot;:[]},&quot;_transform_translateY_effect&quot;:{&quot;unit&quot;:&quot;px&quot;,&quot;size&quot;:32,&quot;sizes&quot;:[]},&quot;_transform_translateX_effect&quot;:{&quot;unit&quot;:&quot;px&quot;,&quot;size&quot;:&quot;&quot;,&quot;sizes&quot;:[]},&quot;_transform_translateX_effect_tablet&quot;:{&quot;unit&quot;:&quot;px&quot;,&quot;size&quot;:&quot;&quot;,&quot;sizes&quot;:[]},&quot;_transform_translateX_effect_mobile&quot;:{&quot;unit&quot;:&quot;px&quot;,&quot;size&quot;:&quot;&quot;,&quot;sizes&quot;:[]},&quot;_transform_translateY_effect_tablet&quot;:{&quot;unit&quot;:&quot;px&quot;,&quot;size&quot;:&quot;&quot;,&quot;sizes&quot;:[]},&quot;_transform_translateY_effect_mobile&quot;:{&quot;unit&quot;:&quot;px&quot;,&quot;size&quot;:&quot;&quot;,&quot;sizes&quot;:[]},&quot;_transform_scale_effect_tablet&quot;:{&quot;unit&quot;:&quot;px&quot;,&quot;size&quot;:&quot;&quot;,&quot;sizes&quot;:[]},&quot;_transform_scale_effect_mobile&quot;:{&quot;unit&quot;:&quot;px&quot;,&quot;size&quot;:&quot;&quot;,&quot;sizes&quot;:[]}}\">\n\t\t\t\t<\/div>\n\t\t<div class=\"elementor-element elementor-element-eb798db e-con-full e-flex e-con e-child\" data-id=\"eb798db\" data-element_type=\"container\" data-settings=\"{&quot;background_background&quot;:&quot;classic&quot;}\">\n\t\t<div class=\"elementor-element elementor-element-c91ec12 e-con-full e-flex e-con e-child\" data-id=\"c91ec12\" data-element_type=\"container\" data-settings=\"{&quot;background_background&quot;:&quot;classic&quot;,&quot;xpro_backdrop_filter&quot;:&quot;yes&quot;}\">\n\t\t\t\t<\/div>\n\t\t\t\t<\/div>\n\t\t\t\t<\/div>\n\t\t\t\t<\/div>\n\t\t<div class=\"elementor-element elementor-element-f759b74 e-flex e-con-boxed e-con e-parent\" data-id=\"f759b74\" data-element_type=\"container\">\n\t\t\t\t\t<div class=\"e-con-inner\">\n\t\t\t\t<div class=\"elementor-element elementor-element-4cc97c4 elementor-widget elementor-widget-spacer\" data-id=\"4cc97c4\" data-element_type=\"widget\" data-widget_type=\"spacer.default\">\n\t\t\t\t<div class=\"elementor-widget-container\">\n\t\t\t\t\t\t\t<div class=\"elementor-spacer\">\n\t\t\t<div class=\"elementor-spacer-inner\"><\/div>\n\t\t<\/div>\n\t\t\t\t\t\t<\/div>\n\t\t\t\t<\/div>\n\t\t\t\t\t<\/div>\n\t\t\t\t<\/div>\n\t\t<div class=\"elementor-element elementor-element-344776b e-flex e-con-boxed e-con e-parent\" data-id=\"344776b\" data-element_type=\"container\">\n\t\t\t\t\t<div class=\"e-con-inner\">\n\t\t\t\t<div class=\"elementor-element elementor-element-2cd4a27 elementor-grid-3 elementor-grid-tablet-2 elementor-grid-mobile-1 elementor-posts--thumbnail-top elementor-widget elementor-widget-posts\" data-id=\"2cd4a27\" data-element_type=\"widget\" data-settings=\"{&quot;pagination_type&quot;:&quot;numbers_and_prev_next&quot;,&quot;classic_columns&quot;:&quot;3&quot;,&quot;classic_columns_tablet&quot;:&quot;2&quot;,&quot;classic_columns_mobile&quot;:&quot;1&quot;,&quot;classic_row_gap&quot;:{&quot;unit&quot;:&quot;px&quot;,&quot;size&quot;:35,&quot;sizes&quot;:[]},&quot;classic_row_gap_tablet&quot;:{&quot;unit&quot;:&quot;px&quot;,&quot;size&quot;:&quot;&quot;,&quot;sizes&quot;:[]},&quot;classic_row_gap_mobile&quot;:{&quot;unit&quot;:&quot;px&quot;,&quot;size&quot;:&quot;&quot;,&quot;sizes&quot;:[]}}\" data-widget_type=\"posts.classic\">\n\t\t\t\t<div class=\"elementor-widget-container\">\n\t\t\t\t\t\t\t<div class=\"elementor-posts-container elementor-posts elementor-posts--skin-classic elementor-grid\">\n\t\t\t\t<article class=\"elementor-post elementor-grid-item post-14601 post type-post status-publish format-standard has-post-thumbnail hentry category-sin-categoria\">\n\t\t\t\t<a class=\"elementor-post__thumbnail__link\" href=\"https:\/\/davidgonzalez-psicoleg.com\/ca\/psicoterapia-del-trauma-basada-en-neurociencia\/\" tabindex=\"-1\" >\n\t\t\t<div class=\"elementor-post__thumbnail\"><img fetchpriority=\"high\" decoding=\"async\" width=\"900\" height=\"506\" src=\"https:\/\/davidgonzalez-psicoleg.com\/wp-content\/uploads\/2025\/02\/psicoterapia_del_trauma.webp\" class=\"attachment-large size-large wp-image-14602 not-transparent\" alt=\"la psicoterapia del trauma basada en neurociencia\" data-has-transparency=\"false\" data-dominant-color=\"695d5e\" style=\"--dominant-color: #695d5e\" srcset=\"https:\/\/davidgonzalez-psicoleg.com\/wp-content\/uploads\/2025\/02\/psicoterapia_del_trauma.webp 900w, https:\/\/davidgonzalez-psicoleg.com\/wp-content\/uploads\/2025\/02\/psicoterapia_del_trauma-300x169.webp 300w, https:\/\/davidgonzalez-psicoleg.com\/wp-content\/uploads\/2025\/02\/psicoterapia_del_trauma-768x432.webp 768w, https:\/\/davidgonzalez-psicoleg.com\/wp-content\/uploads\/2025\/02\/psicoterapia_del_trauma-18x10.webp 18w\" sizes=\"(max-width: 900px) 100vw, 900px\" \/><\/div>\n\t\t<\/a>\n\t\t\t\t<div class=\"elementor-post__text\">\n\t\t\t\t<h3 class=\"elementor-post__title\">\n\t\t\t<a href=\"https:\/\/davidgonzalez-psicoleg.com\/ca\/psicoterapia-del-trauma-basada-en-neurociencia\/\" >\n\t\t\t\tSanant el Trauma: Un Enfocament Integral Basat en Psicoter\u00e0pia i Neuroci\u00e8ncia\t\t\t<\/a>\n\t\t<\/h3>\n\t\t\t\t<div class=\"elementor-post__meta-data\">\n\t\t\t\t\t<span class=\"elementor-post-date\">\n\t\t\t20 febrer, 2025\t\t<\/span>\n\t\t\t\t<\/div>\n\t\t\t\t<div class=\"elementor-post__excerpt\">\n\t\t\t<p>T\u00e8cniques utilitzades en la psicoter\u00e0pia del trauma basada en neuroci\u00e8ncia: \u00a0 El meu enfocament terap\u00e8utic que integra la psicoter\u00e0pia del<\/p>\n\t\t<\/div>\n\t\t\n\t\t<a class=\"elementor-post__read-more\" href=\"https:\/\/davidgonzalez-psicoleg.com\/ca\/psicoterapia-del-trauma-basada-en-neurociencia\/\" aria-label=\"Read more about Sanando el Trauma: Un Enfoque Integral Basado en Psicoterapia y Neurociencia\" tabindex=\"-1\" >\n\t\t\tLlegir m\u00e9s \u00bb\t\t<\/a>\n\n\t\t\t\t<\/div>\n\t\t\t\t<\/article>\n\t\t\t\t<article class=\"elementor-post elementor-grid-item post-14558 post type-post status-publish format-standard has-post-thumbnail hentry category-sin-categoria\">\n\t\t\t\t<a class=\"elementor-post__thumbnail__link\" href=\"https:\/\/davidgonzalez-psicoleg.com\/ca\/relacion-terapeutica\/\" tabindex=\"-1\" >\n\t\t\t<div class=\"elementor-post__thumbnail\"><img decoding=\"async\" width=\"900\" height=\"600\" src=\"https:\/\/davidgonzalez-psicoleg.com\/wp-content\/uploads\/2025\/02\/sintonia.webp\" class=\"attachment-large size-large wp-image-14556 not-transparent\" alt=\"imagen descriptiva sobre la importancia de la sinton\u00eda en la relaci\u00f3n terap\u00e9utica\" data-has-transparency=\"false\" data-dominant-color=\"353a3b\" style=\"--dominant-color: #353a3b\" srcset=\"https:\/\/davidgonzalez-psicoleg.com\/wp-content\/uploads\/2025\/02\/sintonia.webp 900w, https:\/\/davidgonzalez-psicoleg.com\/wp-content\/uploads\/2025\/02\/sintonia-300x200.webp 300w, https:\/\/davidgonzalez-psicoleg.com\/wp-content\/uploads\/2025\/02\/sintonia-768x512.webp 768w, https:\/\/davidgonzalez-psicoleg.com\/wp-content\/uploads\/2025\/02\/sintonia-18x12.webp 18w\" sizes=\"(max-width: 900px) 100vw, 900px\" \/><\/div>\n\t\t<\/a>\n\t\t\t\t<div class=\"elementor-post__text\">\n\t\t\t\t<h3 class=\"elementor-post__title\">\n\t\t\t<a href=\"https:\/\/davidgonzalez-psicoleg.com\/ca\/relacion-terapeutica\/\" >\n\t\t\t\tSintonia en la Relaci\u00f3 Terap\u00e8utica\t\t\t<\/a>\n\t\t<\/h3>\n\t\t\t\t<div class=\"elementor-post__meta-data\">\n\t\t\t\t\t<span class=\"elementor-post-date\">\n\t\t\t20 febrer, 2025\t\t<\/span>\n\t\t\t\t<\/div>\n\t\t\t\t<div class=\"elementor-post__excerpt\">\n\t\t\t<p>La Sintonia en la relaci\u00f3 terap\u00e8utica \u00e9s fonamental perqu\u00e8 estableix una base de confian\u00e7a i comprensi\u00f3 entre el terapeuta i<\/p>\n\t\t<\/div>\n\t\t\n\t\t<a class=\"elementor-post__read-more\" href=\"https:\/\/davidgonzalez-psicoleg.com\/ca\/relacion-terapeutica\/\" aria-label=\"Read more about Sinton\u00eda en la Relaci\u00f3n Terap\u00e9utica\" tabindex=\"-1\" >\n\t\t\tLlegir m\u00e9s \u00bb\t\t<\/a>\n\n\t\t\t\t<\/div>\n\t\t\t\t<\/article>\n\t\t\t\t<\/div>\n\t\t\n\t\t\t\t\t\t<\/div>\n\t\t\t\t<\/div>\n\t\t\t\t\t<\/div>\n\t\t\t\t<\/div>\n\t\t\t\t<\/div>","protected":false},"excerpt":{"rendered":"","protected":false},"author":2,"featured_media":0,"parent":0,"menu_order":0,"comment_status":"closed","ping_status":"closed","template":"","meta":{"site-sidebar-layout":"no-sidebar","site-content-layout":"","ast-site-content-layout":"full-width-container","site-content-style":"default","site-sidebar-style":"default","ast-global-header-display":"","ast-banner-title-visibility":"","ast-main-header-display":"","ast-hfb-above-header-display":"","ast-hfb-below-header-display":"","ast-hfb-mobile-header-display":"","site-post-title":"disabled","ast-breadcrumbs-content":"","ast-featured-img":"disabled","footer-sml-layout":"","theme-transparent-header-meta":"","adv-header-id-meta":"","stick-header-meta":"","header-above-stick-meta":"","header-main-stick-meta":"","header-below-stick-meta":"","astra-migrate-meta-layouts":"default","ast-page-background-enabled":"default","ast-page-background-meta":{"desktop":{"background-color":"var(--ast-global-color-4)","background-image":"","background-repeat":"repeat","background-position":"center center","background-size":"auto","background-attachment":"scroll","background-type":"","background-media":"","overlay-type":"","overlay-color":"","overlay-opacity":"","overlay-gradient":""},"tablet":{"background-color":"","background-image":"","background-repeat":"repeat","background-position":"center center","background-size":"auto","background-attachment":"scroll","background-type":"","background-media":"","overlay-type":"","overlay-color":"","overlay-opacity":"","overlay-gradient":""},"mobile":{"background-color":"","background-image":"","background-repeat":"repeat","background-position":"center center","background-size":"auto","background-attachment":"scroll","background-type":"","background-media":"","overlay-type":"","overlay-color":"","overlay-opacity":"","overlay-gradient":""}},"ast-content-background-meta":{"desktop":{"background-color":"var(--ast-global-color-5)","background-image":"","background-repeat":"repeat","background-position":"center center","background-size":"auto","background-attachment":"scroll","background-type":"","background-media":"","overlay-type":"","overlay-color":"","overlay-opacity":"","overlay-gradient":""},"tablet":{"background-color":"var(--ast-global-color-5)","background-image":"","background-repeat":"repeat","background-position":"center center","background-size":"auto","background-attachment":"scroll","background-type":"","background-media":"","overlay-type":"","overlay-color":"","overlay-opacity":"","overlay-gradient":""},"mobile":{"background-color":"var(--ast-global-color-5)","background-image":"","background-repeat":"repeat","background-position":"center center","background-size":"auto","background-attachment":"scroll","background-type":"","background-media":"","overlay-type":"","overlay-color":"","overlay-opacity":"","overlay-gradient":""}},"footnotes":""},"class_list":["post-14478","page","type-page","status-publish","hentry"],"yoast_head":"<!-- This site is optimized with the Yoast SEO Premium plugin v24.1 (Yoast SEO v26.8) - https:\/\/yoast.com\/product\/yoast-seo-premium-wordpress\/ -->\n<title>Blog - David Gonzalez<\/title>\n<meta name=\"robots\" content=\"index, follow, max-snippet:-1, max-image-preview:large, max-video-preview:-1\" \/>\n<link rel=\"canonical\" href=\"https:\/\/davidgonzalez-psicoleg.com\/ca\/blog\/\" \/>\n<meta property=\"og:locale\" content=\"ca_ES\" \/>\n<meta property=\"og:type\" content=\"article\" \/>\n<meta property=\"og:title\" content=\"Blog\" \/>\n<meta property=\"og:url\" content=\"https:\/\/davidgonzalez-psicoleg.com\/ca\/blog\/\" \/>\n<meta property=\"og:site_name\" content=\"David Gonzalez\" \/>\n<meta property=\"article:publisher\" content=\"www.facebook.com\/davidgonzalezpsicoleg1\" \/>\n<meta property=\"article:modified_time\" content=\"2025-02-20T20:45:45+00:00\" \/>\n<meta name=\"twitter:label1\" content=\"Temps estimat de lectura\" \/>\n\t<meta name=\"twitter:data1\" content=\"1 minut\" \/>\n<script type=\"application\/ld+json\" class=\"yoast-schema-graph\">{\"@context\":\"https:\/\/schema.org\",\"@graph\":[{\"@type\":\"WebPage\",\"@id\":\"https:\/\/davidgonzalez-psicoleg.com\/blog\/\",\"url\":\"https:\/\/davidgonzalez-psicoleg.com\/blog\/\",\"name\":\"Blog - David Gonzalez\",\"isPartOf\":{\"@id\":\"https:\/\/davidgonzalez-psicoleg.com\/#website\"},\"datePublished\":\"2025-02-20T08:22:33+00:00\",\"dateModified\":\"2025-02-20T20:45:45+00:00\",\"breadcrumb\":{\"@id\":\"https:\/\/davidgonzalez-psicoleg.com\/blog\/#breadcrumb\"},\"inLanguage\":\"ca\",\"potentialAction\":[{\"@type\":\"ReadAction\",\"target\":[\"https:\/\/davidgonzalez-psicoleg.com\/blog\/\"]}]},{\"@type\":\"BreadcrumbList\",\"@id\":\"https:\/\/davidgonzalez-psicoleg.com\/blog\/#breadcrumb\",\"itemListElement\":[{\"@type\":\"ListItem\",\"position\":1,\"name\":\"Home\",\"item\":\"https:\/\/davidgonzalez-psicoleg.com\/\"},{\"@type\":\"ListItem\",\"position\":2,\"name\":\"Blog\"}]},{\"@type\":\"WebSite\",\"@id\":\"https:\/\/davidgonzalez-psicoleg.com\/#website\",\"url\":\"https:\/\/davidgonzalez-psicoleg.com\/\",\"name\":\"David Gonzalez Psicoleg\",\"description\":\"Psicolog\u00eda y crecimiento personal\",\"publisher\":{\"@id\":\"https:\/\/davidgonzalez-psicoleg.com\/#\/schema\/person\/740133b729916254cac5bea74fef5105\"},\"alternateName\":\"Psicoleg Gonzalez\",\"potentialAction\":[{\"@type\":\"SearchAction\",\"target\":{\"@type\":\"EntryPoint\",\"urlTemplate\":\"https:\/\/davidgonzalez-psicoleg.com\/?s={search_term_string}\"},\"query-input\":{\"@type\":\"PropertyValueSpecification\",\"valueRequired\":true,\"valueName\":\"search_term_string\"}}],\"inLanguage\":\"ca\"},{\"@type\":[\"Person\",\"Organization\"],\"@id\":\"https:\/\/davidgonzalez-psicoleg.com\/#\/schema\/person\/740133b729916254cac5bea74fef5105\",\"name\":\"David Gonz\u00e1lez\",\"image\":{\"@type\":\"ImageObject\",\"inLanguage\":\"ca\",\"@id\":\"https:\/\/davidgonzalez-psicoleg.com\/#\/schema\/person\/image\/\",\"url\":\"https:\/\/davidgonzalez-psicoleg.com\/wp-content\/uploads\/2024\/10\/LOGO4-Transparente.webp\",\"contentUrl\":\"https:\/\/davidgonzalez-psicoleg.com\/wp-content\/uploads\/2024\/10\/LOGO4-Transparente.webp\",\"width\":454,\"height\":136,\"caption\":\"David Gonz\u00e1lez\"},\"logo\":{\"@id\":\"https:\/\/davidgonzalez-psicoleg.com\/#\/schema\/person\/image\/\"},\"description\":\"Psic\u00f2leg, psicoterapeuta i formador. Apassionat de la vida i de les petites coses. Buscador inquiet. Amb vocaci\u00f3 de servei, sempre a punt per ajudar als altres.\",\"sameAs\":[\"http:\/\/www.davidgonzalez-psicoleg.com\",\"www.facebook.com\/davidgonzalezpsicoleg1\",\"https:\/\/x.com\/dagonpra\"]}]}<\/script>\n<!-- \/ Yoast SEO Premium plugin. -->","yoast_head_json":{"title":"Blog - David Gonzalez","robots":{"index":"index","follow":"follow","max-snippet":"max-snippet:-1","max-image-preview":"max-image-preview:large","max-video-preview":"max-video-preview:-1"},"canonical":"https:\/\/davidgonzalez-psicoleg.com\/ca\/blog\/","og_locale":"ca_ES","og_type":"article","og_title":"Blog","og_url":"https:\/\/davidgonzalez-psicoleg.com\/ca\/blog\/","og_site_name":"David Gonzalez","article_publisher":"www.facebook.com\/davidgonzalezpsicoleg1","article_modified_time":"2025-02-20T20:45:45+00:00","twitter_misc":{"Temps estimat de lectura":"1 minut"},"schema":{"@context":"https:\/\/schema.org","@graph":[{"@type":"WebPage","@id":"https:\/\/davidgonzalez-psicoleg.com\/blog\/","url":"https:\/\/davidgonzalez-psicoleg.com\/blog\/","name":"Blog - David Gonzalez","isPartOf":{"@id":"https:\/\/davidgonzalez-psicoleg.com\/#website"},"datePublished":"2025-02-20T08:22:33+00:00","dateModified":"2025-02-20T20:45:45+00:00","breadcrumb":{"@id":"https:\/\/davidgonzalez-psicoleg.com\/blog\/#breadcrumb"},"inLanguage":"ca","potentialAction":[{"@type":"ReadAction","target":["https:\/\/davidgonzalez-psicoleg.com\/blog\/"]}]},{"@type":"BreadcrumbList","@id":"https:\/\/davidgonzalez-psicoleg.com\/blog\/#breadcrumb","itemListElement":[{"@type":"ListItem","position":1,"name":"Home","item":"https:\/\/davidgonzalez-psicoleg.com\/"},{"@type":"ListItem","position":2,"name":"Blog"}]},{"@type":"WebSite","@id":"https:\/\/davidgonzalez-psicoleg.com\/#website","url":"https:\/\/davidgonzalez-psicoleg.com\/","name":"David Gonzalez Psicoleg","description":"Psicolog\u00eda y crecimiento personal","publisher":{"@id":"https:\/\/davidgonzalez-psicoleg.com\/#\/schema\/person\/740133b729916254cac5bea74fef5105"},"alternateName":"Psicoleg Gonzalez","potentialAction":[{"@type":"SearchAction","target":{"@type":"EntryPoint","urlTemplate":"https:\/\/davidgonzalez-psicoleg.com\/?s={search_term_string}"},"query-input":{"@type":"PropertyValueSpecification","valueRequired":true,"valueName":"search_term_string"}}],"inLanguage":"ca"},{"@type":["Person","Organization"],"@id":"https:\/\/davidgonzalez-psicoleg.com\/#\/schema\/person\/740133b729916254cac5bea74fef5105","name":"David Gonz\u00e1lez","image":{"@type":"ImageObject","inLanguage":"ca","@id":"https:\/\/davidgonzalez-psicoleg.com\/#\/schema\/person\/image\/","url":"https:\/\/davidgonzalez-psicoleg.com\/wp-content\/uploads\/2024\/10\/LOGO4-Transparente.webp","contentUrl":"https:\/\/davidgonzalez-psicoleg.com\/wp-content\/uploads\/2024\/10\/LOGO4-Transparente.webp","width":454,"height":136,"caption":"David Gonz\u00e1lez"},"logo":{"@id":"https:\/\/davidgonzalez-psicoleg.com\/#\/schema\/person\/image\/"},"description":"Psic\u00f2leg, psicoterapeuta i formador. Apassionat de la vida i de les petites coses. Buscador inquiet. Amb vocaci\u00f3 de servei, sempre a punt per ajudar als altres.","sameAs":["http:\/\/www.davidgonzalez-psicoleg.com","www.facebook.com\/davidgonzalezpsicoleg1","https:\/\/x.com\/dagonpra"]}]}},"_links":{"self":[{"href":"https:\/\/davidgonzalez-psicoleg.com\/ca\/wp-json\/wp\/v2\/pages\/14478","targetHints":{"allow":["GET"]}}],"collection":[{"href":"https:\/\/davidgonzalez-psicoleg.com\/ca\/wp-json\/wp\/v2\/pages"}],"about":[{"href":"https:\/\/davidgonzalez-psicoleg.com\/ca\/wp-json\/wp\/v2\/types\/page"}],"author":[{"embeddable":true,"href":"https:\/\/davidgonzalez-psicoleg.com\/ca\/wp-json\/wp\/v2\/users\/2"}],"replies":[{"embeddable":true,"href":"https:\/\/davidgonzalez-psicoleg.com\/ca\/wp-json\/wp\/v2\/comments?post=14478"}],"version-history":[{"count":0,"href":"https:\/\/davidgonzalez-psicoleg.com\/ca\/wp-json\/wp\/v2\/pages\/14478\/revisions"}],"wp:attachment":[{"href":"https:\/\/davidgonzalez-psicoleg.com\/ca\/wp-json\/wp\/v2\/media?parent=14478"}],"curies":[{"name":"wp","href":"https:\/\/api.w.org\/{rel}","templated":true}]}}