{"id":14350,"date":"2025-02-18T18:15:30","date_gmt":"2025-02-18T18:15:30","guid":{"rendered":"https:\/\/davidgonzalez-psicoleg.com\/?page_id=14350"},"modified":"2025-02-23T22:41:46","modified_gmt":"2025-02-23T22:41:46","slug":"politica-de-cookies","status":"publish","type":"page","link":"https:\/\/davidgonzalez-psicoleg.com\/ca\/politica-de-cookies\/","title":{"rendered":"POL\u00cdTICA DE COOKIES"},"content":{"rendered":"<div data-elementor-type=\"wp-page\" data-elementor-id=\"14350\" class=\"elementor elementor-14350\" data-elementor-post-type=\"page\">\n\t\t\t\t<div class=\"elementor-element elementor-element-3c9cea7 e-flex e-con-boxed e-con e-parent\" data-id=\"3c9cea7\" data-element_type=\"container\" data-settings=\"{&quot;background_background&quot;:&quot;gradient&quot;,&quot;xpro_backdrop_filter&quot;:&quot;yes&quot;}\">\n\t\t\t\t\t<div class=\"e-con-inner\">\n\t\t<div class=\"elementor-element elementor-element-ff1ccb2 e-con-full e-flex e-con e-child\" data-id=\"ff1ccb2\" data-element_type=\"container\" data-settings=\"{&quot;background_background&quot;:&quot;classic&quot;}\">\n\t\t\t\t<div class=\"elementor-element elementor-element-180e5dc elementor-widget elementor-widget-heading\" data-id=\"180e5dc\" data-element_type=\"widget\" data-widget_type=\"heading.default\">\n\t\t\t\t<div class=\"elementor-widget-container\">\n\t\t\t\t\t<h4 class=\"elementor-heading-title elementor-size-default\">POL\u00cdTICA DE COOKIES<\/h4>\t\t\t\t<\/div>\n\t\t\t\t<\/div>\n\t\t\t\t<div class=\"elementor-element elementor-element-12b446e elementor-widget-divider--view-line elementor-widget elementor-widget-divider\" data-id=\"12b446e\" data-element_type=\"widget\" data-widget_type=\"divider.default\">\n\t\t\t\t<div class=\"elementor-widget-container\">\n\t\t\t\t\t\t\t<div class=\"elementor-divider\">\n\t\t\t<span class=\"elementor-divider-separator\">\n\t\t\t\t\t\t<\/span>\n\t\t<\/div>\n\t\t\t\t\t\t<\/div>\n\t\t\t\t<\/div>\n\t\t\t\t<div class=\"elementor-element elementor-element-b7995f7 elementor-widget elementor-widget-text-editor\" data-id=\"b7995f7\" data-element_type=\"widget\" data-widget_type=\"text-editor.default\">\n\t\t\t\t<div class=\"elementor-widget-container\">\n\t\t\t\t\t\t\t\t\t<p><strong>davidgonzalez-psicoleg.com<\/strong><\/p><p>L'acc\u00e9s a aquest Lloc Web pot implicar la utilitzaci\u00f3 de cookies. Les cookies s\u00f3n petites quantitats d'informaci\u00f3 que s'emmagatzemen al navegador utilitzat per cada Usuari \u2014en els diferents dispositius que pugui utilitzar per navegar\u2014 perqu\u00e8 el servidor recordi certa informaci\u00f3 que posteriorment i \u00fanicament el servidor que les va implementar llegir\u00e0. Les cookies faciliten la navegaci\u00f3, la fan m\u00e9s amable, i no danyen el dispositiu de navegaci\u00f3.<\/p><p>Les cookies s\u00f3n procediments autom\u00e0tics de recollida d'informaci\u00f3 relativa a les prefer\u00e8ncies determinades per l'Usuari durant la seva visita al Lloc Web amb la finalitat de recon\u00e8ixer-lo com a Usuari, i personalitzar la seva experi\u00e8ncia i l'\u00fas del Lloc Web, i tamb\u00e9 poden, per exemple, ajudar a identificar i resoldre errors.<\/p><p>La informaci\u00f3 recollida a trav\u00e9s de les cookies pot incloure la data i hora de visites al Lloc Web, les p\u00e0gines visionades, el temps que ha estat al Lloc Web i els llocs visitats just abans i despr\u00e9s del mateix. Tanmateix, cap cookie permet que aquesta mateixa pugui contactar amb el n\u00famero de tel\u00e8fon de l'Usuari o amb qualsevol altre mitj\u00e0 de contacte personal. Ninguna cookie pot extreure informaci\u00f3 del disc dur de l'Usuari o robar informaci\u00f3 personal. L'\u00fanica manera que la informaci\u00f3 privada de l'Usuari formi part de l'arxiu Cookie \u00e9s que l'Usuari doni personalment aquesta informaci\u00f3 al servidor.<\/p><p>Les cookies que permeten identificar una persona es consideren dades personals. Per tant, a les mateixes els ser\u00e0 d'aplicaci\u00f3 la Pol\u00edtica de Privacitat anteriorment descrita. En aquest sentit, per a la utilitzaci\u00f3 de les mateixes ser\u00e0 necessari el consentiment de l'Usuari. Aquest consentiment ser\u00e0 comunicat, en base a una elecci\u00f3 aut\u00e8ntica, oferit mitjan\u00e7ant una decisi\u00f3 afirmativa i positiva, abans del tractament inicial, removible i documentat.<\/p><h5><strong><b>Cookies pr\u00f2pies<\/b><\/strong><\/h5><p>S\u00f3n aquelles cookies que s\u00f3n enviades a l'ordinador o dispositiu de l'Usuari i gestionades exclusivament per David Gonzalez per al millor funcionament del Lloc Web. La informaci\u00f3 que es recull s'emet per millorar la qualitat del Lloc Web i el seu Contingut i la seva experi\u00e8ncia com a Usuari. Aquestes cookies permeten recon\u00e8ixer l'Usuari com a visitant recurrent del Lloc Web i adaptar el contingut per oferir-li continguts que s'ajustin a les seves prefer\u00e8ncies.<\/p><h5><strong><b>Cookies de tercers<\/b><\/strong><\/h5><p>S\u00f3n cookies utilitzades i gestionades per entitats externes que proporcionen a David Gonzalez serveis sol\u00b7licitats per aquest mateix per millorar el Lloc Web i l'experi\u00e8ncia de l'usuari al navegar en el Lloc Web. Els principals objectius per als quals s'utilitzen cookies de tercers s\u00f3n l'obtenci\u00f3 d'estad\u00edstiques d'accessos i analitzar la informaci\u00f3 de la navegaci\u00f3, \u00e9s a dir, com interactua l'Usuari amb el Lloc Web.<\/p><p>La informaci\u00f3 que s'obt\u00e9 es refereix, per exemple, al nombre de p\u00e0gines visitades, l'idioma, el lloc a la qual l'adre\u00e7a IP des del qual accedeix l'Usuari, el nombre d'Usuaris que accedeixen, la freq\u00fc\u00e8ncia i reincid\u00e8ncia de les visites, el temps de visita, el navegador que usen, l'operador o tipus de dispositiu des del qual es realitza la visita. Aquesta informaci\u00f3 s'utilitza per millorar el Lloc Web, i detectar noves necessitats per oferir als Usuaris un Contingut i\/o servei d'\u00f2ptima qualitat. En tot cas, la informaci\u00f3 es recull de manera an\u00f2nima i s'elaboren informes de tend\u00e8ncies del Lloc Web sense identificar usuaris individuals.<\/p><p>Pot obtenir m\u00e9s informaci\u00f3 sobre les cookies, la informaci\u00f3 sobre la privacitat, o consultar la descripci\u00f3 del tipus de cookies que s'utilitza, les seves principals caracter\u00edstiques, per\u00edode d'expiraci\u00f3, etc. en el seg\u00fcent(s) enlla\u00e7(s):<\/p><p>La(s) entitat(es) encarregada(s) del subministrament de cookies podr\u00e0(n) cedir aquesta informaci\u00f3 a tercers, sempre que ho exigeixi la llei o sigui un tercer qui processi aquesta informaci\u00f3 per aquestes entitats.<\/p><h5><strong><b>Deshabilitar,rechazar i eliminar cookies<\/b><\/strong><\/h5><p>L'Usuari pot deshabilitar, rebutjar i eliminar les galetes \u2014total o parcialment\u2014 instal\u00b7lades al seu dispositiu mitjan\u00e7ant la configuraci\u00f3 del seu navegador (entre els quals hi ha, per exemple, Chrome, Firefox, Safari, Explorer). En aquest sentit, els procediments per rebutjar i eliminar les galetes poden diferir d'un navegador d'Internet a un altre. En conseq\u00fc\u00e8ncia, l'Usuari ha de consultar les instruccions facilitades pel propi navegador d'Internet que estigui utilitzant. En el sup\u00f2sit que rebutgi l'\u00fas de galetes \u2014total o parcialment\u2014 podr\u00e0 continuar utilitzant el Lloc Web, si b\u00e9 podr\u00e0 tenir limitada la utilitzaci\u00f3 d'algunes de les prestacions del mateix.<\/p><p>Aquest document de Pol\u00edtica de Galetes ha estat creat mitjan\u00e7ant el generador de <a href=\"https:\/\/textos-legales.edgartamarit.com\/\"><u>plantilla de pol\u00edtica de cookies<\/u><\/a>\u00a0web gratu\u00eft en l\u00ednia el dia 18\/02\/2025.<\/p>\t\t\t\t\t\t\t\t<\/div>\n\t\t\t\t<\/div>\n\t\t\t\t<div class=\"elementor-element elementor-element-f6ea79f elementor-align-center elementor-widget elementor-widget-elementskit-button\" data-id=\"f6ea79f\" data-element_type=\"widget\" data-widget_type=\"elementskit-button.default\">\n\t\t\t\t<div class=\"elementor-widget-container\">\n\t\t\t\t\t<div class=\"ekit-wid-con\" >\t\t<div class=\"ekit-btn-wraper\">\n\t\t\t\t\t\t\t<a href=\"https:\/\/davidgonzalez-psicoleg.com\/ca\/contacto-y-tarifas-es\/\" class=\"elementskit-btn  whitespace--normal\" id=\"\">\n\t\t\t\t\tCONTACTE\t\t\t\t<\/a>\n\t\t\t\t\t<\/div>\n        <\/div>\t\t\t\t<\/div>\n\t\t\t\t<\/div>\n\t\t\t\t<\/div>\n\t\t\t\t\t<\/div>\n\t\t\t\t<\/div>\n\t\t\t\t<\/div>","protected":false},"excerpt":{"rendered":"<p>POL\u00cdTICA DE COOKIES davidgonzalez-psicoleg.com El acceso a este Sitio Web puede implicar la utilizaci\u00f3n de cookies. Las cookies son peque\u00f1as [&hellip;]<\/p>","protected":false},"author":2,"featured_media":0,"parent":0,"menu_order":0,"comment_status":"closed","ping_status":"closed","template":"","meta":{"site-sidebar-layout":"no-sidebar","site-content-layout":"","ast-site-content-layout":"full-width-container","site-content-style":"default","site-sidebar-style":"default","ast-global-header-display":"","ast-banner-title-visibility":"","ast-main-header-display":"","ast-hfb-above-header-display":"","ast-hfb-below-header-display":"","ast-hfb-mobile-header-display":"","site-post-title":"disabled","ast-breadcrumbs-content":"","ast-featured-img":"disabled","footer-sml-layout":"","theme-transparent-header-meta":"","adv-header-id-meta":"","stick-header-meta":"","header-above-stick-meta":"","header-main-stick-meta":"","header-below-stick-meta":"","astra-migrate-meta-layouts":"default","ast-page-background-enabled":"default","ast-page-background-meta":{"desktop":{"background-color":"var(--ast-global-color-4)","background-image":"","background-repeat":"repeat","background-position":"center center","background-size":"auto","background-attachment":"scroll","background-type":"","background-media":"","overlay-type":"","overlay-color":"","overlay-opacity":"","overlay-gradient":""},"tablet":{"background-color":"","background-image":"","background-repeat":"repeat","background-position":"center center","background-size":"auto","background-attachment":"scroll","background-type":"","background-media":"","overlay-type":"","overlay-color":"","overlay-opacity":"","overlay-gradient":""},"mobile":{"background-color":"","background-image":"","background-repeat":"repeat","background-position":"center center","background-size":"auto","background-attachment":"scroll","background-type":"","background-media":"","overlay-type":"","overlay-color":"","overlay-opacity":"","overlay-gradient":""}},"ast-content-background-meta":{"desktop":{"background-color":"var(--ast-global-color-5)","background-image":"","background-repeat":"repeat","background-position":"center center","background-size":"auto","background-attachment":"scroll","background-type":"","background-media":"","overlay-type":"","overlay-color":"","overlay-opacity":"","overlay-gradient":""},"tablet":{"background-color":"var(--ast-global-color-5)","background-image":"","background-repeat":"repeat","background-position":"center center","background-size":"auto","background-attachment":"scroll","background-type":"","background-media":"","overlay-type":"","overlay-color":"","overlay-opacity":"","overlay-gradient":""},"mobile":{"background-color":"var(--ast-global-color-5)","background-image":"","background-repeat":"repeat","background-position":"center center","background-size":"auto","background-attachment":"scroll","background-type":"","background-media":"","overlay-type":"","overlay-color":"","overlay-opacity":"","overlay-gradient":""}},"footnotes":""},"class_list":["post-14350","page","type-page","status-publish","hentry"],"yoast_head":"<!-- This site is optimized with the Yoast SEO Premium plugin v24.1 (Yoast SEO v26.8) - https:\/\/yoast.com\/product\/yoast-seo-premium-wordpress\/ -->\n<title>POL\u00cdTICA DE COOKIES - David Gonzalez<\/title>\n<meta name=\"robots\" content=\"index, follow, max-snippet:-1, max-image-preview:large, max-video-preview:-1\" \/>\n<link rel=\"canonical\" href=\"https:\/\/davidgonzalez-psicoleg.com\/ca\/politica-de-cookies\/\" \/>\n<meta property=\"og:locale\" content=\"ca_ES\" \/>\n<meta property=\"og:type\" content=\"article\" \/>\n<meta property=\"og:title\" content=\"POL\u00cdTICA DE COOKIES\" \/>\n<meta property=\"og:description\" content=\"POL\u00cdTICA DE COOKIES davidgonzalez-psicoleg.com El acceso a este Sitio Web puede implicar la utilizaci\u00f3n de cookies. Las cookies son peque\u00f1as [&hellip;]\" \/>\n<meta property=\"og:url\" content=\"https:\/\/davidgonzalez-psicoleg.com\/ca\/politica-de-cookies\/\" \/>\n<meta property=\"og:site_name\" content=\"David Gonzalez\" \/>\n<meta property=\"article:publisher\" content=\"www.facebook.com\/davidgonzalezpsicoleg1\" \/>\n<meta property=\"article:modified_time\" content=\"2025-02-23T22:41:46+00:00\" \/>\n<meta name=\"twitter:label1\" content=\"Temps estimat de lectura\" \/>\n\t<meta name=\"twitter:data1\" content=\"4 minuts\" \/>\n<script type=\"application\/ld+json\" class=\"yoast-schema-graph\">{\"@context\":\"https:\/\/schema.org\",\"@graph\":[{\"@type\":\"WebPage\",\"@id\":\"https:\/\/davidgonzalez-psicoleg.com\/politica-de-cookies\/\",\"url\":\"https:\/\/davidgonzalez-psicoleg.com\/politica-de-cookies\/\",\"name\":\"POL\u00cdTICA DE COOKIES - David Gonzalez\",\"isPartOf\":{\"@id\":\"https:\/\/davidgonzalez-psicoleg.com\/#website\"},\"datePublished\":\"2025-02-18T18:15:30+00:00\",\"dateModified\":\"2025-02-23T22:41:46+00:00\",\"breadcrumb\":{\"@id\":\"https:\/\/davidgonzalez-psicoleg.com\/politica-de-cookies\/#breadcrumb\"},\"inLanguage\":\"ca\",\"potentialAction\":[{\"@type\":\"ReadAction\",\"target\":[\"https:\/\/davidgonzalez-psicoleg.com\/politica-de-cookies\/\"]}]},{\"@type\":\"BreadcrumbList\",\"@id\":\"https:\/\/davidgonzalez-psicoleg.com\/politica-de-cookies\/#breadcrumb\",\"itemListElement\":[{\"@type\":\"ListItem\",\"position\":1,\"name\":\"Home\",\"item\":\"https:\/\/davidgonzalez-psicoleg.com\/\"},{\"@type\":\"ListItem\",\"position\":2,\"name\":\"POL\u00cdTICA DE COOKIES\"}]},{\"@type\":\"WebSite\",\"@id\":\"https:\/\/davidgonzalez-psicoleg.com\/#website\",\"url\":\"https:\/\/davidgonzalez-psicoleg.com\/\",\"name\":\"David Gonzalez Psicoleg\",\"description\":\"Psicolog\u00eda y crecimiento personal\",\"publisher\":{\"@id\":\"https:\/\/davidgonzalez-psicoleg.com\/#\/schema\/person\/740133b729916254cac5bea74fef5105\"},\"alternateName\":\"Psicoleg Gonzalez\",\"potentialAction\":[{\"@type\":\"SearchAction\",\"target\":{\"@type\":\"EntryPoint\",\"urlTemplate\":\"https:\/\/davidgonzalez-psicoleg.com\/?s={search_term_string}\"},\"query-input\":{\"@type\":\"PropertyValueSpecification\",\"valueRequired\":true,\"valueName\":\"search_term_string\"}}],\"inLanguage\":\"ca\"},{\"@type\":[\"Person\",\"Organization\"],\"@id\":\"https:\/\/davidgonzalez-psicoleg.com\/#\/schema\/person\/740133b729916254cac5bea74fef5105\",\"name\":\"David Gonz\u00e1lez\",\"image\":{\"@type\":\"ImageObject\",\"inLanguage\":\"ca\",\"@id\":\"https:\/\/davidgonzalez-psicoleg.com\/#\/schema\/person\/image\/\",\"url\":\"https:\/\/davidgonzalez-psicoleg.com\/wp-content\/uploads\/2024\/10\/LOGO4-Transparente.webp\",\"contentUrl\":\"https:\/\/davidgonzalez-psicoleg.com\/wp-content\/uploads\/2024\/10\/LOGO4-Transparente.webp\",\"width\":454,\"height\":136,\"caption\":\"David Gonz\u00e1lez\"},\"logo\":{\"@id\":\"https:\/\/davidgonzalez-psicoleg.com\/#\/schema\/person\/image\/\"},\"description\":\"Psic\u00f2leg, psicoterapeuta i formador. Apassionat de la vida i de les petites coses. Buscador inquiet. Amb vocaci\u00f3 de servei, sempre a punt per ajudar als altres.\",\"sameAs\":[\"http:\/\/www.davidgonzalez-psicoleg.com\",\"www.facebook.com\/davidgonzalezpsicoleg1\",\"https:\/\/x.com\/dagonpra\"]}]}<\/script>\n<!-- \/ Yoast SEO Premium plugin. -->","yoast_head_json":{"title":"POL\u00cdTICA DE COOKIES - David Gonzalez","robots":{"index":"index","follow":"follow","max-snippet":"max-snippet:-1","max-image-preview":"max-image-preview:large","max-video-preview":"max-video-preview:-1"},"canonical":"https:\/\/davidgonzalez-psicoleg.com\/ca\/politica-de-cookies\/","og_locale":"ca_ES","og_type":"article","og_title":"POL\u00cdTICA DE COOKIES","og_description":"POL\u00cdTICA DE COOKIES davidgonzalez-psicoleg.com El acceso a este Sitio Web puede implicar la utilizaci\u00f3n de cookies. Las cookies son peque\u00f1as [&hellip;]","og_url":"https:\/\/davidgonzalez-psicoleg.com\/ca\/politica-de-cookies\/","og_site_name":"David Gonzalez","article_publisher":"www.facebook.com\/davidgonzalezpsicoleg1","article_modified_time":"2025-02-23T22:41:46+00:00","twitter_misc":{"Temps estimat de lectura":"4 minuts"},"schema":{"@context":"https:\/\/schema.org","@graph":[{"@type":"WebPage","@id":"https:\/\/davidgonzalez-psicoleg.com\/politica-de-cookies\/","url":"https:\/\/davidgonzalez-psicoleg.com\/politica-de-cookies\/","name":"POL\u00cdTICA DE COOKIES - David Gonzalez","isPartOf":{"@id":"https:\/\/davidgonzalez-psicoleg.com\/#website"},"datePublished":"2025-02-18T18:15:30+00:00","dateModified":"2025-02-23T22:41:46+00:00","breadcrumb":{"@id":"https:\/\/davidgonzalez-psicoleg.com\/politica-de-cookies\/#breadcrumb"},"inLanguage":"ca","potentialAction":[{"@type":"ReadAction","target":["https:\/\/davidgonzalez-psicoleg.com\/politica-de-cookies\/"]}]},{"@type":"BreadcrumbList","@id":"https:\/\/davidgonzalez-psicoleg.com\/politica-de-cookies\/#breadcrumb","itemListElement":[{"@type":"ListItem","position":1,"name":"Home","item":"https:\/\/davidgonzalez-psicoleg.com\/"},{"@type":"ListItem","position":2,"name":"POL\u00cdTICA DE COOKIES"}]},{"@type":"WebSite","@id":"https:\/\/davidgonzalez-psicoleg.com\/#website","url":"https:\/\/davidgonzalez-psicoleg.com\/","name":"David Gonzalez Psicoleg","description":"Psicolog\u00eda y crecimiento personal","publisher":{"@id":"https:\/\/davidgonzalez-psicoleg.com\/#\/schema\/person\/740133b729916254cac5bea74fef5105"},"alternateName":"Psicoleg Gonzalez","potentialAction":[{"@type":"SearchAction","target":{"@type":"EntryPoint","urlTemplate":"https:\/\/davidgonzalez-psicoleg.com\/?s={search_term_string}"},"query-input":{"@type":"PropertyValueSpecification","valueRequired":true,"valueName":"search_term_string"}}],"inLanguage":"ca"},{"@type":["Person","Organization"],"@id":"https:\/\/davidgonzalez-psicoleg.com\/#\/schema\/person\/740133b729916254cac5bea74fef5105","name":"David Gonz\u00e1lez","image":{"@type":"ImageObject","inLanguage":"ca","@id":"https:\/\/davidgonzalez-psicoleg.com\/#\/schema\/person\/image\/","url":"https:\/\/davidgonzalez-psicoleg.com\/wp-content\/uploads\/2024\/10\/LOGO4-Transparente.webp","contentUrl":"https:\/\/davidgonzalez-psicoleg.com\/wp-content\/uploads\/2024\/10\/LOGO4-Transparente.webp","width":454,"height":136,"caption":"David Gonz\u00e1lez"},"logo":{"@id":"https:\/\/davidgonzalez-psicoleg.com\/#\/schema\/person\/image\/"},"description":"Psic\u00f2leg, psicoterapeuta i formador. Apassionat de la vida i de les petites coses. Buscador inquiet. Amb vocaci\u00f3 de servei, sempre a punt per ajudar als altres.","sameAs":["http:\/\/www.davidgonzalez-psicoleg.com","www.facebook.com\/davidgonzalezpsicoleg1","https:\/\/x.com\/dagonpra"]}]}},"_links":{"self":[{"href":"https:\/\/davidgonzalez-psicoleg.com\/ca\/wp-json\/wp\/v2\/pages\/14350","targetHints":{"allow":["GET"]}}],"collection":[{"href":"https:\/\/davidgonzalez-psicoleg.com\/ca\/wp-json\/wp\/v2\/pages"}],"about":[{"href":"https:\/\/davidgonzalez-psicoleg.com\/ca\/wp-json\/wp\/v2\/types\/page"}],"author":[{"embeddable":true,"href":"https:\/\/davidgonzalez-psicoleg.com\/ca\/wp-json\/wp\/v2\/users\/2"}],"replies":[{"embeddable":true,"href":"https:\/\/davidgonzalez-psicoleg.com\/ca\/wp-json\/wp\/v2\/comments?post=14350"}],"version-history":[{"count":0,"href":"https:\/\/davidgonzalez-psicoleg.com\/ca\/wp-json\/wp\/v2\/pages\/14350\/revisions"}],"wp:attachment":[{"href":"https:\/\/davidgonzalez-psicoleg.com\/ca\/wp-json\/wp\/v2\/media?parent=14350"}],"curies":[{"name":"wp","href":"https:\/\/api.w.org\/{rel}","templated":true}]}}