{"id":14322,"date":"2025-02-18T17:52:20","date_gmt":"2025-02-18T17:52:20","guid":{"rendered":"https:\/\/davidgonzalez-psicoleg.com\/?page_id=14322"},"modified":"2025-02-23T22:09:13","modified_gmt":"2025-02-23T22:09:13","slug":"aviso-legal","status":"publish","type":"page","link":"https:\/\/davidgonzalez-psicoleg.com\/ca\/aviso-legal\/","title":{"rendered":"Av\u00eds legal"},"content":{"rendered":"<div data-elementor-type=\"wp-page\" data-elementor-id=\"14322\" class=\"elementor elementor-14322\" data-elementor-post-type=\"page\">\n\t\t\t\t<div class=\"elementor-element elementor-element-2725e18 e-flex e-con-boxed e-con e-parent\" data-id=\"2725e18\" data-element_type=\"container\" data-settings=\"{&quot;background_background&quot;:&quot;gradient&quot;,&quot;xpro_backdrop_filter&quot;:&quot;yes&quot;}\">\n\t\t\t\t\t<div class=\"e-con-inner\">\n\t\t<div class=\"elementor-element elementor-element-42b079e e-con-full e-flex e-con e-child\" data-id=\"42b079e\" data-element_type=\"container\" data-settings=\"{&quot;background_background&quot;:&quot;classic&quot;}\">\n\t\t\t\t<div class=\"elementor-element elementor-element-49f372d elementor-widget elementor-widget-heading\" data-id=\"49f372d\" data-element_type=\"widget\" data-widget_type=\"heading.default\">\n\t\t\t\t<div class=\"elementor-widget-container\">\n\t\t\t\t\t<h4 class=\"elementor-heading-title elementor-size-default\">AV\u00cdS LEGAL I CONDICIONS GENERALS D'\u00daS<\/h4>\t\t\t\t<\/div>\n\t\t\t\t<\/div>\n\t\t\t\t<div class=\"elementor-element elementor-element-a55c5f3 elementor-widget-divider--view-line elementor-widget elementor-widget-divider\" data-id=\"a55c5f3\" data-element_type=\"widget\" data-widget_type=\"divider.default\">\n\t\t\t\t<div class=\"elementor-widget-container\">\n\t\t\t\t\t\t\t<div class=\"elementor-divider\">\n\t\t\t<span class=\"elementor-divider-separator\">\n\t\t\t\t\t\t<\/span>\n\t\t<\/div>\n\t\t\t\t\t\t<\/div>\n\t\t\t\t<\/div>\n\t\t\t\t<div class=\"elementor-element elementor-element-836540c elementor-widget elementor-widget-text-editor\" data-id=\"836540c\" data-element_type=\"widget\" data-widget_type=\"text-editor.default\">\n\t\t\t\t<div class=\"elementor-widget-container\">\n\t\t\t\t\t\t\t\t\t<p>davidgonzalez-psicoleg.com<\/p><h5><strong><b>I. INFORMACI\u00d3 GENERAL<\/b><\/strong><\/h5><p>En compliment amb el deure d'informaci\u00f3 disposat en la Llei 34\/2002 de Serveis de la Societat de la Informaci\u00f3 i el Comer\u00e7 Electr\u00f2nic (LSSI-CE) de 11 de juliol, es faciliten a continuaci\u00f3 les seg\u00fcents dades d'informaci\u00f3 general d'aquest lloc web:<\/p><p>La titularitat d'aquest lloc web, https:\/\/davidgonzalez-psicoleg.com\/, (en endavant, Lloc Web) la ostenta: David Gonzalez, amb NIF: 52278324Z, i els seus dades de contacte s\u00f3n:<\/p><p>Adre\u00e7a: Carrer d\u2019Ausi\u00e0s Marc, 26, L\u2019Eixample, 08010 Barcelona, Espanya<\/p><p>Tel\u00e8fon de contacte: +34 659570933<\/p><p>Email de contacte: davidgonp@hotmail.com<\/p><h5><strong><b>II. TERMINIS I CONDICIONS GENERALS D'\u00daS<\/b><\/strong><\/h5><h4><strong><b>L'objecte de les condicions: El Lloc Web<\/b><\/strong><\/h4><p>L'objecte de les presents Condicions Generals de \u00das (en endavant, Condicions) \u00e9s regular l'acc\u00e9s i la utilitzaci\u00f3 del Lloc Web. A efectes de les presents Condicions s'entendr\u00e0 com a Lloc Web: l'aparen\u00e7a externa dels interf\u00edcies de pantalla, tant de forma est\u00e0tica com de forma din\u00e0mica, \u00e9s a dir, l'arbre de navegaci\u00f3; i tots els elements integrats tant en els interf\u00edcies de pantalla com en l'arbre de navegaci\u00f3 (en endavant, Continguts) i tots aquells serveis o recursos en l\u00ednia que en el seu cas ofereixi als Usuaris (en endavant, Serveis).<\/p><p>Sesions de Psicoter\u00e0pia en Barcelona es reserva la facultat de modificar, en qualsevol moment, i sense av\u00eds previ, la presentaci\u00f3 i configuraci\u00f3 del Lloc Web i dels Continguts i Serveis que en ell poguessin estar incorporats. L'Usuari reconeix i accepta que en qualsevol moment Sesions de Psicoter\u00e0pia en Barcelona pugui interrompre, desactivar i\/o cancel\u00b7lar qualsevol d'aquests elements que s'integren al Lloc Web o l'acc\u00e9s als mateixos.<\/p><p>L'acc\u00e9s al Lloc Web per l'Usuari t\u00e9 car\u00e0cter lliure i, per norma general, \u00e9s gratu\u00eft sense que l'Usuari hagi de proporcionar una contraprestaci\u00f3 per poder gaudir-ne, excepte en relaci\u00f3 al cost de connexi\u00f3 a trav\u00e9s de la xarxa de telecomunicacions subministrada pel prove\u00efdor d'acc\u00e9s que hagu\u00e9s contractat l'Usuari.<\/p><p>La utilitzaci\u00f3 dels Continguts no requereix pr\u00e8via subscripci\u00f3 o registre algun.<\/p><h4><strong><b>L'Usuari<\/b><\/strong><\/h4><p>L'acc\u00e9s, la navegaci\u00f3 i l'\u00fas del Lloc Web, confereix la condici\u00f3 d'Usuari, per la qual cosa s'accepten, des que s'inicia la navegaci\u00f3 pel Lloc Web, totes les Condicions aqu\u00ed establertes, aix\u00ed com les seves posteriors modificacions, sense perjudici de l'aplicaci\u00f3 de la normativa legal corresponent d'obligat compliment segons el cas. Donada la rellev\u00e0ncia del que s'ha dit, es recomana a l'Usuari llegir-les cada vegada que visiti el Lloc Web.<\/p><p>El Lloc Web de Sesions de Psicoter\u00e0pia en Barcelona proporciona gran diversitat d'informaci\u00f3, serveis i dades. L'Usuari assumeix la seva responsabilitat per realitzar un \u00fas correcte del Lloc Web. Aquesta responsabilitat s'estendr\u00e0 a:<\/p><ul><li>Un \u00fas de la informaci\u00f3, Continguts i\/o Serveis i dades oferts per Sesions de Psicoter\u00e0pia en Barcelona sense que sigui contrari a all\u00f2 disposat per les presents Condicions, la Llei, la moral o l'ordre p\u00fablic, o que de qualsevol manera puguin suposar lesions dels drets de tercers o del mateix funcionament del Lloc Web.<\/li><li>La veracitat i licitud de les informacions aportades per l'Usuari en els formularis estenent per Sesions de Psicoter\u00e0pia en Barcelona per l'acc\u00e9s a certs Continguts o Serveis oferts pel Lloc Web. En tot cas, l'Usuari notificar\u00e0 de manera immediata a Sesions de Psicoter\u00e0pia en Barcelona respecte a qualsevol fet que permeti l'\u00fas indegut de la informaci\u00f3 registrada en aquests formularis, com ara, per\u00f2 no nom\u00e9s, el robatori, p\u00e8rdua, o l'acc\u00e9s no autoritzat a identificadors i\/o contrasenyes, amb la finalitat de procedir a la seva immediata cancel\u00b7la.<\/li><\/ul><p>El mer acc\u00e9s a aquest Lloc Web no suposa establir cap tipus de relaci\u00f3 de car\u00e0cter comercial entre Sesions de Psicoter\u00e0pia en Barcelona i l'Usuari.<\/p><p>El Usuari declara ser major d'edat i disposar de la capacitat jur\u00eddica suficient per vincular-se per les presents Condicions. Per tant, aquest Lloc Web de Sessions de Psicoter\u00e0pia a Barcelona no es dirigeix a menors d'edat. Sessions de Psicoter\u00e0pia a Barcelona declina qualsevol responsabilitat per l'incompliment d'aquest requisit.<\/p><p>El Lloc Web est\u00e0 dirigit principalment a Usuaris residents a Espanya. Sessions de Psicoter\u00e0pia a Barcelona no assegura que el Lloc Web compleixi amb legislacions d'altres pa\u00efsos, ja sigui total o parcialment. Si l'Usuari resideix o t\u00e9 domicili en un altre lloc i decideix accedir i\/o navegar pel Lloc Web ho far\u00e0 sota la seva pr\u00f2pia responsabilitat, haur\u00e0 d'assegurar-se que tal acc\u00e9s i navegaci\u00f3 compleix amb la legislaci\u00f3 local que li \u00e9s aplicable, no assumint Sessions de Psicoter\u00e0pia a Barcelona responsabilitat alguna que es pugui derivar d'aquest acc\u00e9s.<\/p><h5><strong><b>III. ACC\u00c9S I NAVEGACI\u00d3 EN EL LLOC WEB: EXCLUSI\u00d3 DE GARANTIES I RESPONSABILITAT<\/b><\/strong><\/h5><p>Sessions de Psicoter\u00e0pia a Barcelona no garanteix la continu\u00eftat, disponibilitat i utilitat del Lloc Web, ni dels Continguts o Serveis. Sessions de Psicoter\u00e0pia a Barcelona far\u00e0 tot el possible pel bon funcionament del Lloc Web, tanmateix, no es responsabilitza ni garanteix que l'acc\u00e9s a aquest Lloc Web no vagi a ser ininterromput o que estigui lliure d'error.<\/p><p>Tampoc es responsabilitza o garanteix que el contingut o programari al qual es pugui accedir a trav\u00e9s d'aquest Lloc Web, estigui lliure d'error o causin un dany al sistema inform\u00e0tic (programari i maquinari) de l'Usuari. En cap cas Sessions de Psicoter\u00e0pia a Barcelona ser\u00e0 responsable per les p\u00e8rdues, danys o perjudicis de qualsevol tipus que sorgeixin per l'acc\u00e9s, navegaci\u00f3 i l'\u00fas del Lloc Web, incloent-se, per\u00f2 no limitant-se, als ocasionats als sistemes inform\u00e0tics o els provocats per la introducci\u00f3 de virus.<\/p><p>Sessions de Psicoter\u00e0pia a Barcelona tampoc es fa responsable dels danys que pugui ocasionar als usuaris per un \u00fas inadequat d'aquest Lloc Web. En particular, no es fa responsable en cap manera de les caigudes, interrupcions, falta o defecte de les telecomunicacions que poguessin oc\u00f3rrer.<\/p><h5><strong><b>IV. POL\u00cdTICA D'ENLLA\u00c7OS<\/b><\/strong><\/h5><p>Se informa que el Lloc Web de Sessions de Psicoter\u00e0pia a Barcelona posa o pot posar a disposici\u00f3 dels Usuaris mitjans d'enlla\u00e7 (com, entre altres, enlla\u00e7os, banners, botons), directoris i motors de cerca que permeten als Usuaris accedir a llocs web pertanyents i\/o gestionats per tercers.<\/p><p>La instal\u00b7laci\u00f3 d'aquests enlla\u00e7os, directoris i motors de cerca en el Lloc Web t\u00e9 per objecte facilitar als Usuaris la cerca d'informaci\u00f3 disponible a Internet, sense que pugui considerar-se una sugger\u00e8ncia, recomanaci\u00f3 o invitaci\u00f3 per a la visita dels mateixos.<\/p><p>Sessions de Psicoter\u00e0pia a Barcelona no ofereix ni comercialitza per si ni per mitj\u00e0 de tercers els productes i\/o serveis disponibles en aquests llocs enlla\u00e7ats.<\/p><p>Aix\u00ed mateix, tampoc garantir\u00e0 la disponibilitat t\u00e8cnica, exactitud, veracitat, validesa o legalitat de llocs aliens a la seva propietat als quals es pugui accedir per mitj\u00e0 dels enlla\u00e7os.<\/p><p>Sessions de Psicoter\u00e0pia a Barcelona en cap cas revisar\u00e0 o controlar\u00e0 el contingut d'altres llocs web, aix\u00ed com tampoc aprova, examina ni fa seus els productes i serveis, continguts, fitxers i qualsevol altre material existent en els referits llocs enlla\u00e7ats.<\/p><p>Sessions de Psicoter\u00e0pia a Barcelona no assumeix cap responsabilitat pels danys i perjudicis que poguessin produir-se per l'acc\u00e9s, \u00fas, qualitat o licitud dels continguts, comunicacions, opinions, productes i serveis dels llocs web no gestionats per Sessions de Psicoter\u00e0pia a Barcelona i que siguin enlla\u00e7ats en aquest Lloc Web.<\/p><p>L'Usuari o tercer que realitzi un hipervincle des d'una p\u00e0gina web d'un altre, diferent, lloc web al Lloc Web de Sessions de Psicoter\u00e0pia a Barcelona haur\u00e0 de saber que:<\/p><p>No se permet la reproducci\u00f3 \u2014total o parcial\u2014 de cap dels Contenuts i\/o Serveis del Lloc Web sense autoritzaci\u00f3 expressa de Sessions de Psicoter\u00e0pia a Barcelona.<\/p><p>No se permet tampoc cap manifestaci\u00f3 falsa, inexacta o incorrecta sobre el Lloc Web de Sessions de Psicoter\u00e0pia a Barcelona, ni sobre els Continguts i\/o Serveis del mateix.<\/p><p>Excepci\u00f3 feta del hiperv\u00edncle, el lloc web en el qual s'estableixi dit hiperenlla\u00e7 no contindr\u00e0 cap element, d'aquest Lloc Web, protegit com a propietat intel\u00b7lectual per l'ordenament jur\u00eddic espanyol, llevat autoritzaci\u00f3 expressa de Sessions de Psicoter\u00e0pia a Barcelona.<\/p><p>L'establiment del hiperv\u00edncle no implicar\u00e0 l'exist\u00e8ncia de relacions entre Sessions de Psicoter\u00e0pia a Barcelona i el titular del lloc web des del qual es realitzi, ni el coneixement i acceptaci\u00f3 de Sessions de Psicoter\u00e0pia a Barcelona dels continguts, serveis i\/o activitats ofertes en dit lloc web, i viceversa.<\/p><h5><strong><b>V. PROPIETAT INTEL\u00b7LECTUAL I INDUSTRIAL<\/b><\/strong><\/h5><p>Sessions de Psicoter\u00e0pia a Barcelona per si o com a part cession\u00e0ria, \u00e9s titular de tots els drets de propietat intel\u00b7lectual i industrial del Lloc Web, aix\u00ed com dels elements continguts en el mateix (a t\u00edtol enunciatiu i no exhaustiu, imatges, so, \u00e0udio, v\u00eddeo, programari o textos, marques o logotips, combinacions de colors, estructura i disseny, selecci\u00f3 de materials emprats, programes d'ordinador necessaris per al seu funcionament, acc\u00e9s i \u00fas, etc.). Seran, per tant, obres protegides com a propietat intel\u00b7lectual per l'ordenament jur\u00eddic espanyol, sent-los aplicables tant la normativa espanyola i comunit\u00e0ria en aquesta mat\u00e8ria, com els tractats internacionals relatius a la mat\u00e8ria i subscrits per Espanya.<\/p><p>Tots els drets reservats. En virtut del que disposa la Llei de Propietat Intel\u00b7lectual, queden expressament prohibides la reproducci\u00f3, la distribuci\u00f3 i la comunicaci\u00f3 p\u00fablica, incloent la seva modalitat de posada a disposici\u00f3, de la totalitat o part dels continguts d'aquesta p\u00e0gina web, amb fins comercials, en qualsevol suport i per qualsevol mitj\u00e0 t\u00e8cnic, sense l'autoritzaci\u00f3 de Sessions de Psicoter\u00e0pia a Barcelona.<\/p><p>L'Usuari es compromet a respectar els drets de propietat intel\u00b7lectual i industrial de Sessions de Psicoter\u00e0pia a Barcelona. Podr\u00e0 visualitzar els elements del Lloc Web o fins i tot imprimir-los, copiar-los i emmagatzemar-los al disc dur del seu ordinador o en qualsevol altre suport f\u00edsic sempre que sigui, exclusivament, per al seu \u00fas personal. L'Usuari, tanmateix, no podr\u00e0 suprimir, alterar, o manipular cap dispositiu de protecci\u00f3 o sistema de seguretat que estigu\u00e9s instal\u00b7lat en el Lloc Web.<\/p><p>En cas que l'Usuari o tercer consideri que qualsevol dels Continguts del Lloc Web suposi una violaci\u00f3 dels drets de protecci\u00f3 de la propietat intel\u00b7lectual, haur\u00e0 de comunicar-ho immediatament a Sessions de Psicoter\u00e0pia a Barcelona a trav\u00e9s de les dades de contacte de l'apartat d'INFORMACI\u00d3 GENERAL d'aquest Av\u00eds Legal i Condicions Generals d'\u00das.<\/p><h5><strong><b>VI. ACCIONS LEGALS, LEGISLACI\u00d3 APLICABLE I JURISDICCI\u00d3<\/b><\/strong><\/h5><p>Sessions de Psicoter\u00e0pia a Barcelona es reserva la facultat de presentar les accions civils o penals que consideri necess\u00e0ries per la utilitzaci\u00f3 indeguda del Lloc Web i Continguts, o per l'incompliment de les presents Condicions.<\/p><p>La relaci\u00f3 entre l'Usuari i Sessions de Psicoter\u00e0pia a Barcelona es regir\u00e0 per la normativa vigent i d'aplicaci\u00f3 en el territori espanyol. Si sorgeix qualsevol controv\u00e8rsia en relaci\u00f3 amb la interpretaci\u00f3 i\/o a l'aplicaci\u00f3 d'aquestes Condicions les parts sotmetran els seus conflictes a la jurisdicci\u00f3 ordin\u00e0ria sotmetent-se als jutges i tribunals que corresponguin conforme a dret.<\/p><p>Aquest document d'Av\u00eds Legal i Condicions Generals d'\u00fas del lloc web ha estat creat mitjan\u00e7ant el generador de plantilla d'av\u00eds legal i condicions d'\u00fas en l\u00ednia el dia 18\/02\/2025. <a href=\"https:\/\/textos-legales.edgartamarit.com\/\" target=\"_blank\" rel=\"noopener\"><u>plantilla de aviso legal y condiciones de uso<\/u><\/a>\u00a0web gratu\u00eft en l\u00ednia el dia 18\/02\/2025.<\/p>\t\t\t\t\t\t\t\t<\/div>\n\t\t\t\t<\/div>\n\t\t\t\t<div class=\"elementor-element elementor-element-b42c652 elementor-align-center elementor-widget elementor-widget-elementskit-button\" data-id=\"b42c652\" data-element_type=\"widget\" data-widget_type=\"elementskit-button.default\">\n\t\t\t\t<div class=\"elementor-widget-container\">\n\t\t\t\t\t<div class=\"ekit-wid-con\" >\t\t<div class=\"ekit-btn-wraper\">\n\t\t\t\t\t\t\t<a href=\"https:\/\/davidgonzalez-psicoleg.com\/ca\/contacto-y-tarifas-es\/\" class=\"elementskit-btn  whitespace--normal\" id=\"\">\n\t\t\t\t\tCONTACTE\t\t\t\t<\/a>\n\t\t\t\t\t<\/div>\n        <\/div>\t\t\t\t<\/div>\n\t\t\t\t<\/div>\n\t\t\t\t<\/div>\n\t\t\t\t\t<\/div>\n\t\t\t\t<\/div>\n\t\t\t\t<\/div>","protected":false},"excerpt":{"rendered":"<p>AVISO LEGAL Y CONDICIONES GENERALES DE USO davidgonzalez-psicoleg.com I. INFORMACI\u00d3N GENERAL En cumplimiento con el deber de informaci\u00f3n dispuesto en [&hellip;]<\/p>","protected":false},"author":2,"featured_media":0,"parent":0,"menu_order":0,"comment_status":"closed","ping_status":"closed","template":"","meta":{"site-sidebar-layout":"no-sidebar","site-content-layout":"","ast-site-content-layout":"full-width-container","site-content-style":"default","site-sidebar-style":"default","ast-global-header-display":"","ast-banner-title-visibility":"","ast-main-header-display":"","ast-hfb-above-header-display":"","ast-hfb-below-header-display":"","ast-hfb-mobile-header-display":"","site-post-title":"disabled","ast-breadcrumbs-content":"","ast-featured-img":"disabled","footer-sml-layout":"","theme-transparent-header-meta":"","adv-header-id-meta":"","stick-header-meta":"","header-above-stick-meta":"","header-main-stick-meta":"","header-below-stick-meta":"","astra-migrate-meta-layouts":"default","ast-page-background-enabled":"default","ast-page-background-meta":{"desktop":{"background-color":"var(--ast-global-color-4)","background-image":"","background-repeat":"repeat","background-position":"center center","background-size":"auto","background-attachment":"scroll","background-type":"","background-media":"","overlay-type":"","overlay-color":"","overlay-opacity":"","overlay-gradient":""},"tablet":{"background-color":"","background-image":"","background-repeat":"repeat","background-position":"center center","background-size":"auto","background-attachment":"scroll","background-type":"","background-media":"","overlay-type":"","overlay-color":"","overlay-opacity":"","overlay-gradient":""},"mobile":{"background-color":"","background-image":"","background-repeat":"repeat","background-position":"center center","background-size":"auto","background-attachment":"scroll","background-type":"","background-media":"","overlay-type":"","overlay-color":"","overlay-opacity":"","overlay-gradient":""}},"ast-content-background-meta":{"desktop":{"background-color":"var(--ast-global-color-5)","background-image":"","background-repeat":"repeat","background-position":"center center","background-size":"auto","background-attachment":"scroll","background-type":"","background-media":"","overlay-type":"","overlay-color":"","overlay-opacity":"","overlay-gradient":""},"tablet":{"background-color":"var(--ast-global-color-5)","background-image":"","background-repeat":"repeat","background-position":"center center","background-size":"auto","background-attachment":"scroll","background-type":"","background-media":"","overlay-type":"","overlay-color":"","overlay-opacity":"","overlay-gradient":""},"mobile":{"background-color":"var(--ast-global-color-5)","background-image":"","background-repeat":"repeat","background-position":"center center","background-size":"auto","background-attachment":"scroll","background-type":"","background-media":"","overlay-type":"","overlay-color":"","overlay-opacity":"","overlay-gradient":""}},"footnotes":""},"class_list":["post-14322","page","type-page","status-publish","hentry"],"yoast_head":"<!-- This site is optimized with the Yoast SEO Premium plugin v24.1 (Yoast SEO v26.8) - https:\/\/yoast.com\/product\/yoast-seo-premium-wordpress\/ -->\n<title>Aviso legal - David Gonzalez<\/title>\n<meta name=\"robots\" content=\"index, follow, max-snippet:-1, max-image-preview:large, max-video-preview:-1\" \/>\n<link rel=\"canonical\" href=\"https:\/\/davidgonzalez-psicoleg.com\/ca\/aviso-legal\/\" \/>\n<meta property=\"og:locale\" content=\"ca_ES\" \/>\n<meta property=\"og:type\" content=\"article\" \/>\n<meta property=\"og:title\" content=\"Aviso legal\" \/>\n<meta property=\"og:description\" content=\"AVISO LEGAL Y CONDICIONES GENERALES DE USO davidgonzalez-psicoleg.com I. INFORMACI\u00d3N GENERAL En cumplimiento con el deber de informaci\u00f3n dispuesto en [&hellip;]\" \/>\n<meta property=\"og:url\" content=\"https:\/\/davidgonzalez-psicoleg.com\/ca\/aviso-legal\/\" \/>\n<meta property=\"og:site_name\" content=\"David Gonzalez\" \/>\n<meta property=\"article:publisher\" content=\"www.facebook.com\/davidgonzalezpsicoleg1\" \/>\n<meta property=\"article:modified_time\" content=\"2025-02-23T22:09:13+00:00\" \/>\n<meta name=\"twitter:label1\" content=\"Temps estimat de lectura\" \/>\n\t<meta name=\"twitter:data1\" content=\"9 minuts\" \/>\n<script type=\"application\/ld+json\" class=\"yoast-schema-graph\">{\"@context\":\"https:\/\/schema.org\",\"@graph\":[{\"@type\":\"WebPage\",\"@id\":\"https:\/\/davidgonzalez-psicoleg.com\/aviso-legal\/\",\"url\":\"https:\/\/davidgonzalez-psicoleg.com\/aviso-legal\/\",\"name\":\"Aviso legal - David Gonzalez\",\"isPartOf\":{\"@id\":\"https:\/\/davidgonzalez-psicoleg.com\/#website\"},\"datePublished\":\"2025-02-18T17:52:20+00:00\",\"dateModified\":\"2025-02-23T22:09:13+00:00\",\"breadcrumb\":{\"@id\":\"https:\/\/davidgonzalez-psicoleg.com\/aviso-legal\/#breadcrumb\"},\"inLanguage\":\"ca\",\"potentialAction\":[{\"@type\":\"ReadAction\",\"target\":[\"https:\/\/davidgonzalez-psicoleg.com\/aviso-legal\/\"]}]},{\"@type\":\"BreadcrumbList\",\"@id\":\"https:\/\/davidgonzalez-psicoleg.com\/aviso-legal\/#breadcrumb\",\"itemListElement\":[{\"@type\":\"ListItem\",\"position\":1,\"name\":\"Home\",\"item\":\"https:\/\/davidgonzalez-psicoleg.com\/\"},{\"@type\":\"ListItem\",\"position\":2,\"name\":\"Aviso legal\"}]},{\"@type\":\"WebSite\",\"@id\":\"https:\/\/davidgonzalez-psicoleg.com\/#website\",\"url\":\"https:\/\/davidgonzalez-psicoleg.com\/\",\"name\":\"David Gonzalez Psicoleg\",\"description\":\"Psicolog\u00eda y crecimiento personal\",\"publisher\":{\"@id\":\"https:\/\/davidgonzalez-psicoleg.com\/#\/schema\/person\/740133b729916254cac5bea74fef5105\"},\"alternateName\":\"Psicoleg Gonzalez\",\"potentialAction\":[{\"@type\":\"SearchAction\",\"target\":{\"@type\":\"EntryPoint\",\"urlTemplate\":\"https:\/\/davidgonzalez-psicoleg.com\/?s={search_term_string}\"},\"query-input\":{\"@type\":\"PropertyValueSpecification\",\"valueRequired\":true,\"valueName\":\"search_term_string\"}}],\"inLanguage\":\"ca\"},{\"@type\":[\"Person\",\"Organization\"],\"@id\":\"https:\/\/davidgonzalez-psicoleg.com\/#\/schema\/person\/740133b729916254cac5bea74fef5105\",\"name\":\"David Gonz\u00e1lez\",\"image\":{\"@type\":\"ImageObject\",\"inLanguage\":\"ca\",\"@id\":\"https:\/\/davidgonzalez-psicoleg.com\/#\/schema\/person\/image\/\",\"url\":\"https:\/\/davidgonzalez-psicoleg.com\/wp-content\/uploads\/2024\/10\/LOGO4-Transparente.webp\",\"contentUrl\":\"https:\/\/davidgonzalez-psicoleg.com\/wp-content\/uploads\/2024\/10\/LOGO4-Transparente.webp\",\"width\":454,\"height\":136,\"caption\":\"David Gonz\u00e1lez\"},\"logo\":{\"@id\":\"https:\/\/davidgonzalez-psicoleg.com\/#\/schema\/person\/image\/\"},\"description\":\"Psic\u00f2leg, psicoterapeuta i formador. Apassionat de la vida i de les petites coses. Buscador inquiet. Amb vocaci\u00f3 de servei, sempre a punt per ajudar als altres.\",\"sameAs\":[\"http:\/\/www.davidgonzalez-psicoleg.com\",\"www.facebook.com\/davidgonzalezpsicoleg1\",\"https:\/\/x.com\/dagonpra\"]}]}<\/script>\n<!-- \/ Yoast SEO Premium plugin. -->","yoast_head_json":{"title":"Aviso legal - David Gonzalez","robots":{"index":"index","follow":"follow","max-snippet":"max-snippet:-1","max-image-preview":"max-image-preview:large","max-video-preview":"max-video-preview:-1"},"canonical":"https:\/\/davidgonzalez-psicoleg.com\/ca\/aviso-legal\/","og_locale":"ca_ES","og_type":"article","og_title":"Aviso legal","og_description":"AVISO LEGAL Y CONDICIONES GENERALES DE USO davidgonzalez-psicoleg.com I. INFORMACI\u00d3N GENERAL En cumplimiento con el deber de informaci\u00f3n dispuesto en [&hellip;]","og_url":"https:\/\/davidgonzalez-psicoleg.com\/ca\/aviso-legal\/","og_site_name":"David Gonzalez","article_publisher":"www.facebook.com\/davidgonzalezpsicoleg1","article_modified_time":"2025-02-23T22:09:13+00:00","twitter_misc":{"Temps estimat de lectura":"9 minuts"},"schema":{"@context":"https:\/\/schema.org","@graph":[{"@type":"WebPage","@id":"https:\/\/davidgonzalez-psicoleg.com\/aviso-legal\/","url":"https:\/\/davidgonzalez-psicoleg.com\/aviso-legal\/","name":"Aviso legal - David Gonzalez","isPartOf":{"@id":"https:\/\/davidgonzalez-psicoleg.com\/#website"},"datePublished":"2025-02-18T17:52:20+00:00","dateModified":"2025-02-23T22:09:13+00:00","breadcrumb":{"@id":"https:\/\/davidgonzalez-psicoleg.com\/aviso-legal\/#breadcrumb"},"inLanguage":"ca","potentialAction":[{"@type":"ReadAction","target":["https:\/\/davidgonzalez-psicoleg.com\/aviso-legal\/"]}]},{"@type":"BreadcrumbList","@id":"https:\/\/davidgonzalez-psicoleg.com\/aviso-legal\/#breadcrumb","itemListElement":[{"@type":"ListItem","position":1,"name":"Home","item":"https:\/\/davidgonzalez-psicoleg.com\/"},{"@type":"ListItem","position":2,"name":"Aviso legal"}]},{"@type":"WebSite","@id":"https:\/\/davidgonzalez-psicoleg.com\/#website","url":"https:\/\/davidgonzalez-psicoleg.com\/","name":"David Gonzalez Psicoleg","description":"Psicolog\u00eda y crecimiento personal","publisher":{"@id":"https:\/\/davidgonzalez-psicoleg.com\/#\/schema\/person\/740133b729916254cac5bea74fef5105"},"alternateName":"Psicoleg Gonzalez","potentialAction":[{"@type":"SearchAction","target":{"@type":"EntryPoint","urlTemplate":"https:\/\/davidgonzalez-psicoleg.com\/?s={search_term_string}"},"query-input":{"@type":"PropertyValueSpecification","valueRequired":true,"valueName":"search_term_string"}}],"inLanguage":"ca"},{"@type":["Person","Organization"],"@id":"https:\/\/davidgonzalez-psicoleg.com\/#\/schema\/person\/740133b729916254cac5bea74fef5105","name":"David Gonz\u00e1lez","image":{"@type":"ImageObject","inLanguage":"ca","@id":"https:\/\/davidgonzalez-psicoleg.com\/#\/schema\/person\/image\/","url":"https:\/\/davidgonzalez-psicoleg.com\/wp-content\/uploads\/2024\/10\/LOGO4-Transparente.webp","contentUrl":"https:\/\/davidgonzalez-psicoleg.com\/wp-content\/uploads\/2024\/10\/LOGO4-Transparente.webp","width":454,"height":136,"caption":"David Gonz\u00e1lez"},"logo":{"@id":"https:\/\/davidgonzalez-psicoleg.com\/#\/schema\/person\/image\/"},"description":"Psic\u00f2leg, psicoterapeuta i formador. Apassionat de la vida i de les petites coses. Buscador inquiet. Amb vocaci\u00f3 de servei, sempre a punt per ajudar als altres.","sameAs":["http:\/\/www.davidgonzalez-psicoleg.com","www.facebook.com\/davidgonzalezpsicoleg1","https:\/\/x.com\/dagonpra"]}]}},"_links":{"self":[{"href":"https:\/\/davidgonzalez-psicoleg.com\/ca\/wp-json\/wp\/v2\/pages\/14322","targetHints":{"allow":["GET"]}}],"collection":[{"href":"https:\/\/davidgonzalez-psicoleg.com\/ca\/wp-json\/wp\/v2\/pages"}],"about":[{"href":"https:\/\/davidgonzalez-psicoleg.com\/ca\/wp-json\/wp\/v2\/types\/page"}],"author":[{"embeddable":true,"href":"https:\/\/davidgonzalez-psicoleg.com\/ca\/wp-json\/wp\/v2\/users\/2"}],"replies":[{"embeddable":true,"href":"https:\/\/davidgonzalez-psicoleg.com\/ca\/wp-json\/wp\/v2\/comments?post=14322"}],"version-history":[{"count":0,"href":"https:\/\/davidgonzalez-psicoleg.com\/ca\/wp-json\/wp\/v2\/pages\/14322\/revisions"}],"wp:attachment":[{"href":"https:\/\/davidgonzalez-psicoleg.com\/ca\/wp-json\/wp\/v2\/media?parent=14322"}],"curies":[{"name":"wp","href":"https:\/\/api.w.org\/{rel}","templated":true}]}}