{"id":13541,"date":"2024-12-08T02:36:08","date_gmt":"2024-12-08T02:36:08","guid":{"rendered":"https:\/\/davidgonzalez-psicoleg.com\/?page_id=13541"},"modified":"2025-01-23T02:51:28","modified_gmt":"2025-01-23T02:51:28","slug":"psicologia-humanista","status":"publish","type":"page","link":"https:\/\/davidgonzalez-psicoleg.com\/ca\/psicologia-humanista\/","title":{"rendered":"Psicologia humanista"},"content":{"rendered":"<div data-elementor-type=\"wp-page\" data-elementor-id=\"13541\" class=\"elementor elementor-13541\" data-elementor-post-type=\"page\">\n\t\t\t\t<div class=\"elementor-element elementor-element-43f0ae4 e-con-full e-flex e-con e-parent\" data-id=\"43f0ae4\" data-element_type=\"container\">\n\t\t<div class=\"elementor-element elementor-element-e5da16a e-con-full e-flex e-con e-child\" data-id=\"e5da16a\" data-element_type=\"container\" data-settings=\"{&quot;background_background&quot;:&quot;classic&quot;}\">\n\t\t\t\t<div class=\"elementor-element elementor-element-92a6b72 e-transform elementor-widget elementor-widget-heading\" data-id=\"92a6b72\" data-element_type=\"widget\" data-settings=\"{&quot;_transform_translateX_effect&quot;:{&quot;unit&quot;:&quot;px&quot;,&quot;size&quot;:89,&quot;sizes&quot;:[]},&quot;_transform_translateY_effect&quot;:{&quot;unit&quot;:&quot;px&quot;,&quot;size&quot;:11,&quot;sizes&quot;:[]},&quot;xpro_backdrop_filter&quot;:&quot;yes&quot;,&quot;_transform_translateX_effect_mobile&quot;:{&quot;unit&quot;:&quot;px&quot;,&quot;size&quot;:0,&quot;sizes&quot;:[]},&quot;_transform_translateY_effect_mobile&quot;:{&quot;unit&quot;:&quot;px&quot;,&quot;size&quot;:0,&quot;sizes&quot;:[]},&quot;_transform_translateX_effect_tablet&quot;:{&quot;unit&quot;:&quot;px&quot;,&quot;size&quot;:&quot;&quot;,&quot;sizes&quot;:[]},&quot;_transform_translateY_effect_tablet&quot;:{&quot;unit&quot;:&quot;px&quot;,&quot;size&quot;:&quot;&quot;,&quot;sizes&quot;:[]}}\" data-widget_type=\"heading.default\">\n\t\t\t\t<div class=\"elementor-widget-container\">\n\t\t\t\t\t<h1 class=\"elementor-heading-title elementor-size-default\">Psicologia humanista<\/h1>\t\t\t\t<\/div>\n\t\t\t\t<\/div>\n\t\t\t\t<\/div>\n\t\t<div class=\"elementor-element elementor-element-ed24813 e-con-full e-flex e-con e-child\" data-id=\"ed24813\" data-element_type=\"container\">\n\t\t<div class=\"elementor-element elementor-element-f2534f1 e-con-full e-flex e-con e-child\" data-id=\"f2534f1\" data-element_type=\"container\">\n\t\t<div class=\"elementor-element elementor-element-c85c5fa e-con-full e-flex e-con e-child\" data-id=\"c85c5fa\" data-element_type=\"container\">\n\t\t\t\t<div class=\"elementor-element elementor-element-75097e9 elementor-widget elementor-widget-text-editor\" data-id=\"75097e9\" data-element_type=\"widget\" data-widget_type=\"text-editor.default\">\n\t\t\t\t<div class=\"elementor-widget-container\">\n\t\t\t\t\t\t\t\t\t<h2 class=\"AnswerParser_AnswerParserH4__ghxg8\" style=\"font-size: 20px;\">Psicologia humanista: Un Enfocament Cap a l'Autorealitzaci\u00f3<\/h2><p class=\"translation-block\">La <strong>psicologia humanista<\/strong> \u00e9s una corrent que posa \u00e8mfasi en el potencial inherent de cada individu per cr\u00e9ixer, autorealitzar-se i aconseguir una vida plena. Va sorgir a la d\u00e8cada de 1950 com una alternativa als enfocaments conductista i psicoanal\u00edtic, prioritzant l'experi\u00e8ncia subjectiva, la llibertat d'elecci\u00f3 i la responsabilitat personal.<\/p><p class=\"translation-block\">Aquest enfocament considera que les persones s\u00f3n intr\u00ednsecament bones i capaces de superar els seus problemes en reconnectar amb el seu aut\u00e8ntic jo. Autors com <strong>Carl Rogers<\/strong> i <strong>Abraham Maslow<\/strong> s\u00f3n figures clau en aquesta corrent. Rogers va desenvolupar la <strong>ter\u00e0pia centrada en el client<\/strong>, mentre que Maslow va formular la famosa <strong>pir\u00e0mide de necessitats<\/strong>, que descriu com els individus han de satisfer les necessitats b\u00e0siques i psicol\u00f2giques per aconseguir l'autorealitzaci\u00f3.<\/p>\t\t\t\t\t\t\t\t<\/div>\n\t\t\t\t<\/div>\n\t\t\t\t<\/div>\n\t\t<div class=\"elementor-element elementor-element-edcedca e-con-full e-flex e-con e-child\" data-id=\"edcedca\" data-element_type=\"container\">\n\t\t\t\t<\/div>\n\t\t\t\t<\/div>\n\t\t<div class=\"elementor-element elementor-element-6648a95 e-con-full e-flex e-con e-child\" data-id=\"6648a95\" data-element_type=\"container\">\n\t\t<div class=\"elementor-element elementor-element-ec388fd e-con-full e-flex e-con e-child\" data-id=\"ec388fd\" data-element_type=\"container\">\n\t\t\t\t<div class=\"elementor-element elementor-element-6a5077c elementor-widget elementor-widget-text-editor\" data-id=\"6a5077c\" data-element_type=\"widget\" data-widget_type=\"text-editor.default\">\n\t\t\t\t<div class=\"elementor-widget-container\">\n\t\t\t\t\t\t\t\t\t<ol><li class=\"translation-block\"><strong>\u00c8mfasi en l'experi\u00e8ncia conscient:<\/strong> Promou l'autodescobriment mitjan\u00e7ant el di\u00e0leg reflexiu, l'escriptura o expressions art\u00edstiques.<\/li><li class=\"translation-block\"><strong>Ambient d'acceptaci\u00f3 i empatia:<\/strong> Ter\u00e0pies com la centrada en el client ofereixen un entorn de comprensi\u00f3 i sense judici.<\/li><li class=\"translation-block\"><strong>Recerca del prop\u00f2sit i l'autorealitzaci\u00f3:<\/strong> Ajuda els individus a explorar els seus valors i metes personals per donar sentit a les seves vides.<\/li><li><strong>Perspectiva integradora:<\/strong> Combina aspectos existenciales, sociales y espirituales del individuo, fomentando una visi\u00f3n hol\u00edstica<\/li><\/ol>\t\t\t\t\t\t\t\t<\/div>\n\t\t\t\t<\/div>\n\t\t\t\t<\/div>\n\t\t<div class=\"elementor-element elementor-element-92e1f82 e-con-full e-flex e-con e-child\" data-id=\"92e1f82\" data-element_type=\"container\">\n\t\t\t\t<div class=\"elementor-element elementor-element-bd62fe8 elementor-widget elementor-widget-heading\" data-id=\"bd62fe8\" data-element_type=\"widget\" data-settings=\"{&quot;xpro_backdrop_filter&quot;:&quot;yes&quot;}\" data-widget_type=\"heading.default\">\n\t\t\t\t<div class=\"elementor-widget-container\">\n\t\t\t\t\t<h2 class=\"elementor-heading-title elementor-size-default\">COM FUNCIONA?<\/h2>\t\t\t\t<\/div>\n\t\t\t\t<\/div>\n\t\t\t\t<\/div>\n\t\t\t\t<\/div>\n\t\t<div class=\"elementor-element elementor-element-eda4d38 e-con-full e-flex e-con e-child\" data-id=\"eda4d38\" data-element_type=\"container\">\n\t\t<div class=\"elementor-element elementor-element-d84cc51 e-con-full e-flex e-con e-child\" data-id=\"d84cc51\" data-element_type=\"container\">\n\t\t\t\t<div class=\"elementor-element elementor-element-e1e343a elementor-widget elementor-widget-heading\" data-id=\"e1e343a\" data-element_type=\"widget\" data-settings=\"{&quot;xpro_backdrop_filter&quot;:&quot;yes&quot;}\" data-widget_type=\"heading.default\">\n\t\t\t\t<div class=\"elementor-widget-container\">\n\t\t\t\t\t<h2 class=\"elementor-heading-title elementor-size-default\">Aplicacions de la Psicologia Humanista<\/h2>\t\t\t\t<\/div>\n\t\t\t\t<\/div>\n\t\t\t\t<\/div>\n\t\t<div class=\"elementor-element elementor-element-224e283 e-con-full e-flex e-con e-child\" data-id=\"224e283\" data-element_type=\"container\">\n\t\t\t\t<div class=\"elementor-element elementor-element-974ca2a elementor-widget elementor-widget-text-editor\" data-id=\"974ca2a\" data-element_type=\"widget\" data-widget_type=\"text-editor.default\">\n\t\t\t\t<div class=\"elementor-widget-container\">\n\t\t\t\t\t\t\t\t\t<p>\u00c9s utilitzada en ter\u00e0pies individuals, grupals i familiars, aix\u00ed com en entorns de desenvolupament personal. A m\u00e9s, t\u00e9 implicacions en el canvi social, ja que fomenta comunitats que donen suport al benestar emocional i la llibertat individual.<\/p><p><a href=\"https:\/\/psicologiaymente.com\/psicologia\/psicologia-humanista\" target=\"_blank\" rel=\"noopener\">Hist\u00f2ria de la Psicologia humanista<\/a><\/p><p>\u00a0<\/p>\t\t\t\t\t\t\t\t<\/div>\n\t\t\t\t<\/div>\n\t\t\t\t<\/div>\n\t\t\t\t<\/div>\n\t\t\t\t<\/div>\n\t\t\t\t<\/div>\n\t\t<div class=\"elementor-element elementor-element-e7fb15b e-flex e-con-boxed e-con e-parent\" data-id=\"e7fb15b\" data-element_type=\"container\">\n\t\t\t\t\t<div class=\"e-con-inner\">\n\t\t<div class=\"elementor-element elementor-element-061ec61 e-con-full e-flex e-con e-child\" data-id=\"061ec61\" data-element_type=\"container\">\n\t\t\t\t<div class=\"elementor-element elementor-element-e7de1c1 elementor-widget__width-initial elementor-invisible elementor-widget elementor-widget-button\" data-id=\"e7de1c1\" data-element_type=\"widget\" data-settings=\"{&quot;_animation&quot;:&quot;fadeIn&quot;,&quot;_animation_delay&quot;:100}\" data-widget_type=\"button.default\">\n\t\t\t\t<div class=\"elementor-widget-container\">\n\t\t\t\t\t\t\t\t\t<div class=\"elementor-button-wrapper\">\n\t\t\t\t\t<a class=\"elementor-button elementor-button-link elementor-size-sm\" href=\"https:\/\/davidgonzalez-psicoleg.com\/ca\/focusing\/\">\n\t\t\t\t\t\t<span class=\"elementor-button-content-wrapper\">\n\t\t\t\t\t\t\t\t\t<span class=\"elementor-button-text\">Coneix sobre el focusing<\/span>\n\t\t\t\t\t<\/span>\n\t\t\t\t\t<\/a>\n\t\t\t\t<\/div>\n\t\t\t\t\t\t\t\t<\/div>\n\t\t\t\t<\/div>\n\t\t\t\t<div class=\"elementor-element elementor-element-c71f664 elementor-widget__width-initial elementor-invisible elementor-widget elementor-widget-button\" data-id=\"c71f664\" data-element_type=\"widget\" data-settings=\"{&quot;_animation&quot;:&quot;fadeIn&quot;,&quot;_animation_delay&quot;:100}\" data-widget_type=\"button.default\">\n\t\t\t\t<div class=\"elementor-widget-container\">\n\t\t\t\t\t\t\t\t\t<div class=\"elementor-button-wrapper\">\n\t\t\t\t\t<a class=\"elementor-button elementor-button-link elementor-size-sm\" href=\"https:\/\/davidgonzalez-psicoleg.com\/ca\/brainspotting\/\" target=\"_blank\">\n\t\t\t\t\t\t<span class=\"elementor-button-content-wrapper\">\n\t\t\t\t\t\t\t\t\t<span class=\"elementor-button-text\">Coneix sobre el brainspotting<\/span>\n\t\t\t\t\t<\/span>\n\t\t\t\t\t<\/a>\n\t\t\t\t<\/div>\n\t\t\t\t\t\t\t\t<\/div>\n\t\t\t\t<\/div>\n\t\t\t\t<\/div>\n\t\t\t\t\t<\/div>\n\t\t\t\t<\/div>\n\t\t\t\t<section class=\"elementor-section elementor-top-section elementor-element elementor-element-d3001fc elementor-section-height-min-height elementor-section-boxed elementor-section-height-default elementor-section-items-middle\" data-id=\"d3001fc\" data-element_type=\"section\" data-settings=\"{&quot;background_background&quot;:&quot;gradient&quot;}\">\n\t\t\t\t\t\t\t<div class=\"elementor-background-overlay\"><\/div>\n\t\t\t\t\t\t\t<div class=\"elementor-container elementor-column-gap-default\">\n\t\t\t\t\t<div class=\"elementor-column elementor-col-100 elementor-top-column elementor-element elementor-element-f4f1d61\" data-id=\"f4f1d61\" data-element_type=\"column\">\n\t\t\t<div class=\"elementor-widget-wrap elementor-element-populated\">\n\t\t\t\t\t\t<section class=\"elementor-section elementor-inner-section elementor-element elementor-element-5dffc2f elementor-section-boxed elementor-section-height-default elementor-section-height-default\" data-id=\"5dffc2f\" data-element_type=\"section\">\n\t\t\t\t\t\t<div class=\"elementor-container elementor-column-gap-default\">\n\t\t\t\t\t<div class=\"elementor-column elementor-col-50 elementor-inner-column elementor-element elementor-element-4b1169c\" data-id=\"4b1169c\" data-element_type=\"column\">\n\t\t\t<div class=\"elementor-widget-wrap elementor-element-populated\">\n\t\t\t\t\t\t<div class=\"elementor-element elementor-element-bdb5a95 elementor-widget elementor-widget-elementskit-heading\" data-id=\"bdb5a95\" data-element_type=\"widget\" data-widget_type=\"elementskit-heading.default\">\n\t\t\t\t<div class=\"elementor-widget-container\">\n\t\t\t\t\t<div class=\"ekit-wid-con\" ><div class=\"ekit-heading elementskit-section-title-wraper text_left   ekit_heading_tablet-   ekit_heading_mobile-text_center translation-block\">Sessions de psicoter\u00e0pia Online i presencial <span>Click per agendar la teva cita<\/span><\/div><\/div>\t\t\t\t<\/div>\n\t\t\t\t<\/div>\n\t\t\t\t\t<\/div>\n\t\t<\/div>\n\t\t\t\t<div class=\"elementor-column elementor-col-50 elementor-inner-column elementor-element elementor-element-3a92959\" data-id=\"3a92959\" data-element_type=\"column\">\n\t\t\t<div class=\"elementor-widget-wrap\">\n\t\t\t\t\t\t\t<\/div>\n\t\t<\/div>\n\t\t\t\t\t<\/div>\n\t\t<\/section>\n\t\t\t\t\t<\/div>\n\t\t<\/div>\n\t\t\t\t\t<\/div>\n\t\t<\/section>\n\t\t\t\t<\/div>","protected":false},"excerpt":{"rendered":"<p>Psicologia humanista Psicolog\u00eda humanista: Un Enfoque Hacia la Autorrealizaci\u00f3n La psicolog\u00eda humanista es una corriente que pone \u00e9nfasis en el [&hellip;]<\/p>","protected":false},"author":2,"featured_media":0,"parent":0,"menu_order":0,"comment_status":"closed","ping_status":"closed","template":"","meta":{"site-sidebar-layout":"no-sidebar","site-content-layout":"","ast-site-content-layout":"full-width-container","site-content-style":"default","site-sidebar-style":"default","ast-global-header-display":"","ast-banner-title-visibility":"","ast-main-header-display":"","ast-hfb-above-header-display":"","ast-hfb-below-header-display":"","ast-hfb-mobile-header-display":"","site-post-title":"disabled","ast-breadcrumbs-content":"","ast-featured-img":"disabled","footer-sml-layout":"","theme-transparent-header-meta":"default","adv-header-id-meta":"","stick-header-meta":"","header-above-stick-meta":"","header-main-stick-meta":"","header-below-stick-meta":"","astra-migrate-meta-layouts":"set","ast-page-background-enabled":"default","ast-page-background-meta":{"desktop":{"background-color":"var(--ast-global-color-4)","background-image":"","background-repeat":"repeat","background-position":"center center","background-size":"auto","background-attachment":"scroll","background-type":"","background-media":"","overlay-type":"","overlay-color":"","overlay-opacity":"","overlay-gradient":""},"tablet":{"background-color":"","background-image":"","background-repeat":"repeat","background-position":"center center","background-size":"auto","background-attachment":"scroll","background-type":"","background-media":"","overlay-type":"","overlay-color":"","overlay-opacity":"","overlay-gradient":""},"mobile":{"background-color":"","background-image":"","background-repeat":"repeat","background-position":"center center","background-size":"auto","background-attachment":"scroll","background-type":"","background-media":"","overlay-type":"","overlay-color":"","overlay-opacity":"","overlay-gradient":""}},"ast-content-background-meta":{"desktop":{"background-color":"var(--ast-global-color-5)","background-image":"","background-repeat":"repeat","background-position":"center center","background-size":"auto","background-attachment":"scroll","background-type":"","background-media":"","overlay-type":"","overlay-color":"","overlay-opacity":"","overlay-gradient":""},"tablet":{"background-color":"var(--ast-global-color-5)","background-image":"","background-repeat":"repeat","background-position":"center center","background-size":"auto","background-attachment":"scroll","background-type":"","background-media":"","overlay-type":"","overlay-color":"","overlay-opacity":"","overlay-gradient":""},"mobile":{"background-color":"var(--ast-global-color-5)","background-image":"","background-repeat":"repeat","background-position":"center center","background-size":"auto","background-attachment":"scroll","background-type":"","background-media":"","overlay-type":"","overlay-color":"","overlay-opacity":"","overlay-gradient":""}},"footnotes":""},"class_list":["post-13541","page","type-page","status-publish","hentry"],"yoast_head":"<!-- This site is optimized with the Yoast SEO Premium plugin v24.1 (Yoast SEO v26.8) - https:\/\/yoast.com\/product\/yoast-seo-premium-wordpress\/ -->\n<title>Psicolog\u00eda Humanista: Potencial Humano y Autorrealizaci\u00f3n - David Gonzalez<\/title>\n<meta name=\"description\" content=\"Psicolog\u00eda humanista, la cual enfatiza el potencial humano y la autorrealizaci\u00f3n. Explora sus principios y sus aplicaciones en las terapias.\" \/>\n<meta name=\"robots\" content=\"index, follow, max-snippet:-1, max-image-preview:large, max-video-preview:-1\" \/>\n<link rel=\"canonical\" href=\"https:\/\/davidgonzalez-psicoleg.com\/ca\/psicologia-humanista\/\" \/>\n<meta property=\"og:locale\" content=\"ca_ES\" \/>\n<meta property=\"og:type\" content=\"article\" \/>\n<meta property=\"og:title\" content=\"Psicologia humanista\" \/>\n<meta property=\"og:description\" content=\"Psicolog\u00eda humanista, la cual enfatiza el potencial humano y la autorrealizaci\u00f3n. Explora sus principios y sus aplicaciones en las terapias.\" \/>\n<meta property=\"og:url\" content=\"https:\/\/davidgonzalez-psicoleg.com\/ca\/psicologia-humanista\/\" \/>\n<meta property=\"og:site_name\" content=\"David Gonzalez\" \/>\n<meta property=\"article:publisher\" content=\"www.facebook.com\/davidgonzalezpsicoleg1\" \/>\n<meta property=\"article:modified_time\" content=\"2025-01-23T02:51:28+00:00\" \/>\n<meta name=\"twitter:label1\" content=\"Temps estimat de lectura\" \/>\n\t<meta name=\"twitter:data1\" content=\"2 minuts\" \/>\n<script type=\"application\/ld+json\" class=\"yoast-schema-graph\">{\"@context\":\"https:\/\/schema.org\",\"@graph\":[{\"@type\":\"WebPage\",\"@id\":\"https:\/\/davidgonzalez-psicoleg.com\/psicologia-humanista\/\",\"url\":\"https:\/\/davidgonzalez-psicoleg.com\/psicologia-humanista\/\",\"name\":\"Psicolog\u00eda Humanista: Potencial Humano y Autorrealizaci\u00f3n - David Gonzalez\",\"isPartOf\":{\"@id\":\"https:\/\/davidgonzalez-psicoleg.com\/#website\"},\"datePublished\":\"2024-12-08T02:36:08+00:00\",\"dateModified\":\"2025-01-23T02:51:28+00:00\",\"description\":\"Psicolog\u00eda humanista, la cual enfatiza el potencial humano y la autorrealizaci\u00f3n. Explora sus principios y sus aplicaciones en las terapias.\",\"breadcrumb\":{\"@id\":\"https:\/\/davidgonzalez-psicoleg.com\/psicologia-humanista\/#breadcrumb\"},\"inLanguage\":\"ca\",\"potentialAction\":[{\"@type\":\"ReadAction\",\"target\":[\"https:\/\/davidgonzalez-psicoleg.com\/psicologia-humanista\/\"]}]},{\"@type\":\"BreadcrumbList\",\"@id\":\"https:\/\/davidgonzalez-psicoleg.com\/psicologia-humanista\/#breadcrumb\",\"itemListElement\":[{\"@type\":\"ListItem\",\"position\":1,\"name\":\"Home\",\"item\":\"https:\/\/davidgonzalez-psicoleg.com\/\"},{\"@type\":\"ListItem\",\"position\":2,\"name\":\"Psicologia humanista\"}]},{\"@type\":\"WebSite\",\"@id\":\"https:\/\/davidgonzalez-psicoleg.com\/#website\",\"url\":\"https:\/\/davidgonzalez-psicoleg.com\/\",\"name\":\"David Gonzalez Psicoleg\",\"description\":\"Psicolog\u00eda y crecimiento personal\",\"publisher\":{\"@id\":\"https:\/\/davidgonzalez-psicoleg.com\/#\/schema\/person\/740133b729916254cac5bea74fef5105\"},\"alternateName\":\"Psicoleg Gonzalez\",\"potentialAction\":[{\"@type\":\"SearchAction\",\"target\":{\"@type\":\"EntryPoint\",\"urlTemplate\":\"https:\/\/davidgonzalez-psicoleg.com\/?s={search_term_string}\"},\"query-input\":{\"@type\":\"PropertyValueSpecification\",\"valueRequired\":true,\"valueName\":\"search_term_string\"}}],\"inLanguage\":\"ca\"},{\"@type\":[\"Person\",\"Organization\"],\"@id\":\"https:\/\/davidgonzalez-psicoleg.com\/#\/schema\/person\/740133b729916254cac5bea74fef5105\",\"name\":\"David Gonz\u00e1lez\",\"image\":{\"@type\":\"ImageObject\",\"inLanguage\":\"ca\",\"@id\":\"https:\/\/davidgonzalez-psicoleg.com\/#\/schema\/person\/image\/\",\"url\":\"https:\/\/davidgonzalez-psicoleg.com\/wp-content\/uploads\/2024\/10\/LOGO4-Transparente.webp\",\"contentUrl\":\"https:\/\/davidgonzalez-psicoleg.com\/wp-content\/uploads\/2024\/10\/LOGO4-Transparente.webp\",\"width\":454,\"height\":136,\"caption\":\"David Gonz\u00e1lez\"},\"logo\":{\"@id\":\"https:\/\/davidgonzalez-psicoleg.com\/#\/schema\/person\/image\/\"},\"description\":\"Psic\u00f2leg, psicoterapeuta i formador. Apassionat de la vida i de les petites coses. Buscador inquiet. Amb vocaci\u00f3 de servei, sempre a punt per ajudar als altres.\",\"sameAs\":[\"http:\/\/www.davidgonzalez-psicoleg.com\",\"www.facebook.com\/davidgonzalezpsicoleg1\",\"https:\/\/x.com\/dagonpra\"]}]}<\/script>\n<!-- \/ Yoast SEO Premium plugin. -->","yoast_head_json":{"title":"Psicolog\u00eda Humanista: Potencial Humano y Autorrealizaci\u00f3n - David Gonzalez","description":"Psicolog\u00eda humanista, la cual enfatiza el potencial humano y la autorrealizaci\u00f3n. Explora sus principios y sus aplicaciones en las terapias.","robots":{"index":"index","follow":"follow","max-snippet":"max-snippet:-1","max-image-preview":"max-image-preview:large","max-video-preview":"max-video-preview:-1"},"canonical":"https:\/\/davidgonzalez-psicoleg.com\/ca\/psicologia-humanista\/","og_locale":"ca_ES","og_type":"article","og_title":"Psicologia humanista","og_description":"Psicolog\u00eda humanista, la cual enfatiza el potencial humano y la autorrealizaci\u00f3n. Explora sus principios y sus aplicaciones en las terapias.","og_url":"https:\/\/davidgonzalez-psicoleg.com\/ca\/psicologia-humanista\/","og_site_name":"David Gonzalez","article_publisher":"www.facebook.com\/davidgonzalezpsicoleg1","article_modified_time":"2025-01-23T02:51:28+00:00","twitter_misc":{"Temps estimat de lectura":"2 minuts"},"schema":{"@context":"https:\/\/schema.org","@graph":[{"@type":"WebPage","@id":"https:\/\/davidgonzalez-psicoleg.com\/psicologia-humanista\/","url":"https:\/\/davidgonzalez-psicoleg.com\/psicologia-humanista\/","name":"Psicolog\u00eda Humanista: Potencial Humano y Autorrealizaci\u00f3n - David Gonzalez","isPartOf":{"@id":"https:\/\/davidgonzalez-psicoleg.com\/#website"},"datePublished":"2024-12-08T02:36:08+00:00","dateModified":"2025-01-23T02:51:28+00:00","description":"Psicolog\u00eda humanista, la cual enfatiza el potencial humano y la autorrealizaci\u00f3n. Explora sus principios y sus aplicaciones en las terapias.","breadcrumb":{"@id":"https:\/\/davidgonzalez-psicoleg.com\/psicologia-humanista\/#breadcrumb"},"inLanguage":"ca","potentialAction":[{"@type":"ReadAction","target":["https:\/\/davidgonzalez-psicoleg.com\/psicologia-humanista\/"]}]},{"@type":"BreadcrumbList","@id":"https:\/\/davidgonzalez-psicoleg.com\/psicologia-humanista\/#breadcrumb","itemListElement":[{"@type":"ListItem","position":1,"name":"Home","item":"https:\/\/davidgonzalez-psicoleg.com\/"},{"@type":"ListItem","position":2,"name":"Psicologia humanista"}]},{"@type":"WebSite","@id":"https:\/\/davidgonzalez-psicoleg.com\/#website","url":"https:\/\/davidgonzalez-psicoleg.com\/","name":"David Gonzalez Psicoleg","description":"Psicolog\u00eda y crecimiento personal","publisher":{"@id":"https:\/\/davidgonzalez-psicoleg.com\/#\/schema\/person\/740133b729916254cac5bea74fef5105"},"alternateName":"Psicoleg Gonzalez","potentialAction":[{"@type":"SearchAction","target":{"@type":"EntryPoint","urlTemplate":"https:\/\/davidgonzalez-psicoleg.com\/?s={search_term_string}"},"query-input":{"@type":"PropertyValueSpecification","valueRequired":true,"valueName":"search_term_string"}}],"inLanguage":"ca"},{"@type":["Person","Organization"],"@id":"https:\/\/davidgonzalez-psicoleg.com\/#\/schema\/person\/740133b729916254cac5bea74fef5105","name":"David Gonz\u00e1lez","image":{"@type":"ImageObject","inLanguage":"ca","@id":"https:\/\/davidgonzalez-psicoleg.com\/#\/schema\/person\/image\/","url":"https:\/\/davidgonzalez-psicoleg.com\/wp-content\/uploads\/2024\/10\/LOGO4-Transparente.webp","contentUrl":"https:\/\/davidgonzalez-psicoleg.com\/wp-content\/uploads\/2024\/10\/LOGO4-Transparente.webp","width":454,"height":136,"caption":"David Gonz\u00e1lez"},"logo":{"@id":"https:\/\/davidgonzalez-psicoleg.com\/#\/schema\/person\/image\/"},"description":"Psic\u00f2leg, psicoterapeuta i formador. Apassionat de la vida i de les petites coses. Buscador inquiet. Amb vocaci\u00f3 de servei, sempre a punt per ajudar als altres.","sameAs":["http:\/\/www.davidgonzalez-psicoleg.com","www.facebook.com\/davidgonzalezpsicoleg1","https:\/\/x.com\/dagonpra"]}]}},"_links":{"self":[{"href":"https:\/\/davidgonzalez-psicoleg.com\/ca\/wp-json\/wp\/v2\/pages\/13541","targetHints":{"allow":["GET"]}}],"collection":[{"href":"https:\/\/davidgonzalez-psicoleg.com\/ca\/wp-json\/wp\/v2\/pages"}],"about":[{"href":"https:\/\/davidgonzalez-psicoleg.com\/ca\/wp-json\/wp\/v2\/types\/page"}],"author":[{"embeddable":true,"href":"https:\/\/davidgonzalez-psicoleg.com\/ca\/wp-json\/wp\/v2\/users\/2"}],"replies":[{"embeddable":true,"href":"https:\/\/davidgonzalez-psicoleg.com\/ca\/wp-json\/wp\/v2\/comments?post=13541"}],"version-history":[{"count":0,"href":"https:\/\/davidgonzalez-psicoleg.com\/ca\/wp-json\/wp\/v2\/pages\/13541\/revisions"}],"wp:attachment":[{"href":"https:\/\/davidgonzalez-psicoleg.com\/ca\/wp-json\/wp\/v2\/media?parent=13541"}],"curies":[{"name":"wp","href":"https:\/\/api.w.org\/{rel}","templated":true}]}}