{"id":13539,"date":"2024-12-08T02:28:59","date_gmt":"2024-12-08T02:28:59","guid":{"rendered":"https:\/\/davidgonzalez-psicoleg.com\/?page_id=13539"},"modified":"2025-02-18T08:35:56","modified_gmt":"2025-02-18T08:35:56","slug":"focusing","status":"publish","type":"page","link":"https:\/\/davidgonzalez-psicoleg.com\/ca\/focusing\/","title":{"rendered":"Focusing"},"content":{"rendered":"<div data-elementor-type=\"wp-page\" data-elementor-id=\"13539\" class=\"elementor elementor-13539\" data-elementor-post-type=\"page\">\n\t\t\t\t<div class=\"elementor-element elementor-element-9e7553c e-con-full e-flex e-con e-parent\" data-id=\"9e7553c\" data-element_type=\"container\">\n\t\t<div class=\"elementor-element elementor-element-1c3fd8c e-con-full e-flex e-con e-child\" data-id=\"1c3fd8c\" data-element_type=\"container\">\n\t\t<div class=\"elementor-element elementor-element-0328e70 e-con-full e-flex e-con e-child\" data-id=\"0328e70\" data-element_type=\"container\">\n\t\t<div class=\"elementor-element elementor-element-7a3b00c e-con-full e-flex e-con e-child\" data-id=\"7a3b00c\" data-element_type=\"container\">\n\t\t\t\t<div class=\"elementor-element elementor-element-f6f3f11 elementor-widget elementor-widget-heading\" data-id=\"f6f3f11\" data-element_type=\"widget\" data-settings=\"{&quot;xpro_backdrop_filter&quot;:&quot;yes&quot;}\" data-widget_type=\"heading.default\">\n\t\t\t\t<div class=\"elementor-widget-container\">\n\t\t\t\t\t<h2 class=\"elementor-heading-title elementor-size-default\">Qu\u00e8 \u00e9s el Focusing?<\/h2>\t\t\t\t<\/div>\n\t\t\t\t<\/div>\n\t\t\t\t<div class=\"elementor-element elementor-element-b6cbb07 elementor-widget elementor-widget-text-editor\" data-id=\"b6cbb07\" data-element_type=\"widget\" data-widget_type=\"text-editor.default\">\n\t\t\t\t<div class=\"elementor-widget-container\">\n\t\t\t\t\t\t\t\t\t<p>El Focusing, desenvolupat per Eugene T. Gendlin a la d\u00e8cada de 1960, \u00e9s una t\u00e8cnica de psicoter\u00e0pia experiencial que permet connectar profundament amb les sensacions corporals i emocionals. Nascuda del seu treball al costat de Carl Rogers, aquesta t\u00e8cnica se centra en com les persones processen les seves experi\u00e8ncies internes a trav\u00e9s d\u2019un enfocament corporal. Gendlin va descobrir que aquells que tenen \u00e8xit en ter\u00e0pia solen descriure les seves emocions i experi\u00e8ncies d\u2019una manera que els permet accedir a sensacions m\u00e9s profundes i a un significat personal.<\/p><p>De esta manera el Focusing ayuda a explorar estas \u00absensaciones sentidas\u00bb o <em>felt senses<\/em>, que no son solo emociones, sino impresiones corporales espec\u00edficas que reflejan la manera en que alguien experimenta una situaci\u00f3n. A trav\u00e9s de esta pr\u00e1ctica, se accede a niveles m\u00e1s profundos de autocomprensi\u00f3n y se pueden resolver bloqueos emocionales o conflictos internos.<\/p>\t\t\t\t\t\t\t\t<\/div>\n\t\t\t\t<\/div>\n\t\t\t\t<\/div>\n\t\t\t\t<\/div>\n\t\t\t\t<\/div>\n\t\t\t\t<\/div>\n\t\t<div class=\"elementor-element elementor-element-8740025 e-con-full e-flex e-con e-parent\" data-id=\"8740025\" data-element_type=\"container\">\n\t\t<div class=\"elementor-element elementor-element-6697bc7 e-con-full e-transform e-flex e-con e-child\" data-id=\"6697bc7\" data-element_type=\"container\" data-settings=\"{&quot;background_background&quot;:&quot;classic&quot;,&quot;_transform_scale_effect&quot;:{&quot;unit&quot;:&quot;px&quot;,&quot;size&quot;:1.1,&quot;sizes&quot;:[]},&quot;_transform_scale_effect_tablet&quot;:{&quot;unit&quot;:&quot;px&quot;,&quot;size&quot;:1,&quot;sizes&quot;:[]},&quot;_transform_scale_effect_mobile&quot;:{&quot;unit&quot;:&quot;px&quot;,&quot;size&quot;:&quot;&quot;,&quot;sizes&quot;:[]}}\">\n\t\t\t\t<div class=\"elementor-element elementor-element-4b108f5 elementor-widget elementor-widget-heading\" data-id=\"4b108f5\" data-element_type=\"widget\" data-settings=\"{&quot;_animation&quot;:&quot;none&quot;}\" data-widget_type=\"heading.default\">\n\t\t\t\t<div class=\"elementor-widget-container\">\n\t\t\t\t\t<h4 class=\"elementor-heading-title elementor-size-default\">Com funciona?\n<\/h4>\t\t\t\t<\/div>\n\t\t\t\t<\/div>\n\t\t\t\t<div class=\"elementor-element elementor-element-f0e51fb elementor-widget elementor-widget-text-editor\" data-id=\"f0e51fb\" data-element_type=\"widget\" data-widget_type=\"text-editor.default\">\n\t\t\t\t<div class=\"elementor-widget-container\">\n\t\t\t\t\t\t\t\t\t<p>El proc\u00e9s del Focusing consta de diversos passos, com:<\/p><ol><li class=\"translation-block\"><strong>Crear espai intern:<\/strong> Identificar i apartar temporalment els problemes immediats per centrar-se en una sensaci\u00f3 espec\u00edfica.<\/li><li class=\"translation-block\"><strong>Trobar la \u00absensaci\u00f3 sentida\u00bb:<\/strong> Localitzar al cos el lloc on es percep el malestar o conflicte.<\/li><li class=\"translation-block\"><strong>Descriure la sensaci\u00f3:<\/strong> Posar paraules o imatges que descriguin el que es sent.<\/li><li class=\"translation-block\"><strong>Interactuar amb la sensaci\u00f3:<\/strong> Dialogar internament amb aquesta sensaci\u00f3 per comprendre qu\u00e8 necessita o representa.<\/li><li class=\"translation-block\"><strong>Rebre el canvi:<\/strong> Experimentar una alliberaci\u00f3 o comprensi\u00f3 nova, reflectida en un canvi en la sensaci\u00f3 corporal.<\/li><\/ol>\t\t\t\t\t\t\t\t<\/div>\n\t\t\t\t<\/div>\n\t\t<div class=\"elementor-element elementor-element-05445f7 e-con-full e-flex e-con e-child\" data-id=\"05445f7\" data-element_type=\"container\">\n\t\t\t\t<div class=\"elementor-element elementor-element-c9b7dc7 elementor-widget__width-initial elementor-invisible elementor-widget elementor-widget-button\" data-id=\"c9b7dc7\" data-element_type=\"widget\" data-settings=\"{&quot;_animation&quot;:&quot;fadeInLeft&quot;,&quot;_animation_delay&quot;:100}\" data-widget_type=\"button.default\">\n\t\t\t\t<div class=\"elementor-widget-container\">\n\t\t\t\t\t\t\t\t\t<div class=\"elementor-button-wrapper\">\n\t\t\t\t\t<a class=\"elementor-button elementor-button-link elementor-size-sm\" href=\"https:\/\/davidgonzalez-psicoleg.com\/ca\/psicoterapia-es\/\">\n\t\t\t\t\t\t<span class=\"elementor-button-content-wrapper\">\n\t\t\t\t\t\t\t\t\t<span class=\"elementor-button-text\">M\u00e9s sobre psicoter\u00e0pia<\/span>\n\t\t\t\t\t<\/span>\n\t\t\t\t\t<\/a>\n\t\t\t\t<\/div>\n\t\t\t\t\t\t\t\t<\/div>\n\t\t\t\t<\/div>\n\t\t\t\t<div class=\"elementor-element elementor-element-6b76b94 elementor-align-left elementor-widget__width-initial elementor-mobile-align-center elementor-invisible elementor-widget elementor-widget-button\" data-id=\"6b76b94\" data-element_type=\"widget\" data-settings=\"{&quot;_animation&quot;:&quot;fadeInLeft&quot;}\" data-widget_type=\"button.default\">\n\t\t\t\t<div class=\"elementor-widget-container\">\n\t\t\t\t\t\t\t\t\t<div class=\"elementor-button-wrapper translation-block\"><a class=\"elementor-button elementor-button-link elementor-size-sm\" href=\"#\" target=\"_self\">\n\t\t\t\t\t\t<span class=\"elementor-button-content-wrapper\">\n\t\t\t\t\t\t<span class=\"elementor-button-icon\">\n\t\t\t\t <\/span>\n\t\t\t\t\t\t\t\t\t<span class=\"elementor-button-text\">Agenda una <br> cita ja!<\/span>\n\t\t\t\t\t<\/span>\n\t\t\t\t\t<\/a><\/div>\n\t\t\t\t\t\t\t\t<\/div>\n\t\t\t\t<\/div>\n\t\t\t\t<\/div>\n\t\t\t\t<\/div>\n\t\t<div class=\"elementor-element elementor-element-8b508a5 e-con-full e-flex e-con e-child\" data-id=\"8b508a5\" data-element_type=\"container\">\n\t\t<div class=\"elementor-element elementor-element-67b83b0 e-con-full e-flex e-con e-child\" data-id=\"67b83b0\" data-element_type=\"container\" data-settings=\"{&quot;background_background&quot;:&quot;classic&quot;}\">\n\t\t\t\t<div class=\"elementor-element elementor-element-e8c0ca0 elementor-widget elementor-widget-heading\" data-id=\"e8c0ca0\" data-element_type=\"widget\" data-widget_type=\"heading.default\">\n\t\t\t\t<div class=\"elementor-widget-container\">\n\t\t\t\t\t<h4 class=\"elementor-heading-title elementor-size-default\">Enfoques terapeuticos<\/h4>\t\t\t\t<\/div>\n\t\t\t\t<\/div>\n\t\t\t\t<\/div>\n\t\t\t\t<\/div>\n\t\t\t\t<\/div>\n\t\t<div class=\"elementor-element elementor-element-75d5187 e-flex e-con-boxed e-con e-parent\" data-id=\"75d5187\" data-element_type=\"container\">\n\t\t\t\t\t<div class=\"e-con-inner\">\n\t\t\t\t<div class=\"elementor-element elementor-element-9e5d92a elementor-widget elementor-widget-spacer\" data-id=\"9e5d92a\" data-element_type=\"widget\" data-widget_type=\"spacer.default\">\n\t\t\t\t<div class=\"elementor-widget-container\">\n\t\t\t\t\t\t\t<div class=\"elementor-spacer\">\n\t\t\t<div class=\"elementor-spacer-inner\"><\/div>\n\t\t<\/div>\n\t\t\t\t\t\t<\/div>\n\t\t\t\t<\/div>\n\t\t\t\t\t<\/div>\n\t\t\t\t<\/div>\n\t\t<div class=\"elementor-element elementor-element-7d2f1de e-con-full e-flex e-con e-parent\" data-id=\"7d2f1de\" data-element_type=\"container\">\n\t\t<div class=\"elementor-element elementor-element-40cb24c e-con-full e-flex e-con e-child\" data-id=\"40cb24c\" data-element_type=\"container\">\n\t\t<div class=\"elementor-element elementor-element-e1c45fb e-con-full e-flex e-con e-child\" data-id=\"e1c45fb\" data-element_type=\"container\">\n\t\t<div class=\"elementor-element elementor-element-8de57e5 e-con-full e-flex e-con e-child\" data-id=\"8de57e5\" data-element_type=\"container\">\n\t\t\t\t<div class=\"elementor-element elementor-element-d947616 elementor-widget elementor-widget-heading\" data-id=\"d947616\" data-element_type=\"widget\" data-settings=\"{&quot;xpro_backdrop_filter&quot;:&quot;yes&quot;}\" data-widget_type=\"heading.default\">\n\t\t\t\t<div class=\"elementor-widget-container\">\n\t\t\t\t\t<h2 class=\"elementor-heading-title elementor-size-default\">Aplicacions del focusing<\/h2>\t\t\t\t<\/div>\n\t\t\t\t<\/div>\n\t\t\t\t<\/div>\n\t\t<div class=\"elementor-element elementor-element-f36f6f4 e-con-full e-flex e-con e-child\" data-id=\"f36f6f4\" data-element_type=\"container\">\n\t\t\t\t<div class=\"elementor-element elementor-element-b9a0d92 elementor-widget elementor-widget-text-editor\" data-id=\"b9a0d92\" data-element_type=\"widget\" data-widget_type=\"text-editor.default\">\n\t\t\t\t<div class=\"elementor-widget-container\">\n\t\t\t\t\t\t\t\t\t<p>El Focusing s'utilitza \u00e0mpliament per gestionar l'ansietat, l'estr\u00e8s i la depressi\u00f3. Tamb\u00e9 s'emplea per promoure l'autoconeixement i desenvolupar una relaci\u00f3 m\u00e9s compassiva amb un mateix. A m\u00e9s, permet resoldre bloqueigs creatius i conflictes interpersonals en aprofundir en el significat intern de les experi\u00e8ncies.<\/p>\t\t\t\t\t\t\t\t<\/div>\n\t\t\t\t<\/div>\n\t\t\t\t<\/div>\n\t\t\t\t<\/div>\n\t\t\t\t<\/div>\n\t\t\t\t<\/div>\n\t\t\t\t<section class=\"elementor-section elementor-top-section elementor-element elementor-element-9e54822 elementor-section-height-min-height elementor-section-boxed elementor-section-height-default elementor-section-items-middle\" data-id=\"9e54822\" data-element_type=\"section\" data-settings=\"{&quot;background_background&quot;:&quot;gradient&quot;}\">\n\t\t\t\t\t\t\t<div class=\"elementor-background-overlay\"><\/div>\n\t\t\t\t\t\t\t<div class=\"elementor-container elementor-column-gap-default\">\n\t\t\t\t\t<div class=\"elementor-column elementor-col-100 elementor-top-column elementor-element elementor-element-8dcb377\" data-id=\"8dcb377\" data-element_type=\"column\">\n\t\t\t<div class=\"elementor-widget-wrap elementor-element-populated\">\n\t\t\t\t\t\t<section class=\"elementor-section elementor-inner-section elementor-element elementor-element-5a2f229 elementor-section-boxed elementor-section-height-default elementor-section-height-default\" data-id=\"5a2f229\" data-element_type=\"section\">\n\t\t\t\t\t\t<div class=\"elementor-container elementor-column-gap-default\">\n\t\t\t\t\t<div class=\"elementor-column elementor-col-50 elementor-inner-column elementor-element elementor-element-209433e\" data-id=\"209433e\" data-element_type=\"column\">\n\t\t\t<div class=\"elementor-widget-wrap elementor-element-populated\">\n\t\t\t\t\t\t<div class=\"elementor-element elementor-element-b38a739 elementor-widget elementor-widget-elementskit-heading\" data-id=\"b38a739\" data-element_type=\"widget\" data-widget_type=\"elementskit-heading.default\">\n\t\t\t\t<div class=\"elementor-widget-container\">\n\t\t\t\t\t<div class=\"ekit-wid-con\" ><div class=\"ekit-heading elementskit-section-title-wraper text_left   ekit_heading_tablet-   ekit_heading_mobile-text_center translation-block\">Sessions de psicoter\u00e0pia Online i presencial <span>Click per agendar la teva cita<\/span><\/div><\/div>\t\t\t\t<\/div>\n\t\t\t\t<\/div>\n\t\t\t\t\t<\/div>\n\t\t<\/div>\n\t\t\t\t<div class=\"elementor-column elementor-col-50 elementor-inner-column elementor-element elementor-element-8627622\" data-id=\"8627622\" data-element_type=\"column\">\n\t\t\t<div class=\"elementor-widget-wrap\">\n\t\t\t\t\t\t\t<\/div>\n\t\t<\/div>\n\t\t\t\t\t<\/div>\n\t\t<\/section>\n\t\t\t\t\t<\/div>\n\t\t<\/div>\n\t\t\t\t\t<\/div>\n\t\t<\/section>\n\t\t\t\t<\/div>","protected":false},"excerpt":{"rendered":"<p>\u00bfQu\u00e9 es el Focusing? El Focusing, desarrollado por Eugene T. Gendlin en la d\u00e9cada de 1960, es una t\u00e9cnica de [&hellip;]<\/p>","protected":false},"author":2,"featured_media":0,"parent":0,"menu_order":0,"comment_status":"closed","ping_status":"closed","template":"","meta":{"site-sidebar-layout":"no-sidebar","site-content-layout":"","ast-site-content-layout":"full-width-container","site-content-style":"default","site-sidebar-style":"default","ast-global-header-display":"","ast-banner-title-visibility":"","ast-main-header-display":"","ast-hfb-above-header-display":"","ast-hfb-below-header-display":"","ast-hfb-mobile-header-display":"","site-post-title":"disabled","ast-breadcrumbs-content":"","ast-featured-img":"disabled","footer-sml-layout":"","theme-transparent-header-meta":"default","adv-header-id-meta":"","stick-header-meta":"","header-above-stick-meta":"","header-main-stick-meta":"","header-below-stick-meta":"","astra-migrate-meta-layouts":"set","ast-page-background-enabled":"default","ast-page-background-meta":{"desktop":{"background-color":"var(--ast-global-color-4)","background-image":"","background-repeat":"repeat","background-position":"center center","background-size":"auto","background-attachment":"scroll","background-type":"","background-media":"","overlay-type":"","overlay-color":"","overlay-opacity":"","overlay-gradient":""},"tablet":{"background-color":"","background-image":"","background-repeat":"repeat","background-position":"center center","background-size":"auto","background-attachment":"scroll","background-type":"","background-media":"","overlay-type":"","overlay-color":"","overlay-opacity":"","overlay-gradient":""},"mobile":{"background-color":"","background-image":"","background-repeat":"repeat","background-position":"center center","background-size":"auto","background-attachment":"scroll","background-type":"","background-media":"","overlay-type":"","overlay-color":"","overlay-opacity":"","overlay-gradient":""}},"ast-content-background-meta":{"desktop":{"background-color":"var(--ast-global-color-5)","background-image":"","background-repeat":"repeat","background-position":"center center","background-size":"auto","background-attachment":"scroll","background-type":"","background-media":"","overlay-type":"","overlay-color":"","overlay-opacity":"","overlay-gradient":""},"tablet":{"background-color":"var(--ast-global-color-5)","background-image":"","background-repeat":"repeat","background-position":"center center","background-size":"auto","background-attachment":"scroll","background-type":"","background-media":"","overlay-type":"","overlay-color":"","overlay-opacity":"","overlay-gradient":""},"mobile":{"background-color":"var(--ast-global-color-5)","background-image":"","background-repeat":"repeat","background-position":"center center","background-size":"auto","background-attachment":"scroll","background-type":"","background-media":"","overlay-type":"","overlay-color":"","overlay-opacity":"","overlay-gradient":""}},"footnotes":""},"class_list":["post-13539","page","type-page","status-publish","hentry"],"yoast_head":"<!-- This site is optimized with the Yoast SEO Premium plugin v24.1 (Yoast SEO v26.8) - https:\/\/yoast.com\/product\/yoast-seo-premium-wordpress\/ -->\n<title>Focusing: Conecta con tus emociones a trav\u00e9s de tu cuerpo - David Gonzalez<\/title>\n<meta name=\"description\" content=\"Focusing, una t\u00e9cnica desarrollada por Eugene T. Gendlin para conectar con sensaciones corporales y resolver bloqueos emocionales.\" \/>\n<meta name=\"robots\" content=\"index, follow, max-snippet:-1, max-image-preview:large, max-video-preview:-1\" \/>\n<link rel=\"canonical\" href=\"https:\/\/davidgonzalez-psicoleg.com\/ca\/focusing\/\" \/>\n<meta property=\"og:locale\" content=\"ca_ES\" \/>\n<meta property=\"og:type\" content=\"article\" \/>\n<meta property=\"og:title\" content=\"Focusing\" \/>\n<meta property=\"og:description\" content=\"Focusing, una t\u00e9cnica desarrollada por Eugene T. Gendlin para conectar con sensaciones corporales y resolver bloqueos emocionales.\" \/>\n<meta property=\"og:url\" content=\"https:\/\/davidgonzalez-psicoleg.com\/ca\/focusing\/\" \/>\n<meta property=\"og:site_name\" content=\"David Gonzalez\" \/>\n<meta property=\"article:publisher\" content=\"www.facebook.com\/davidgonzalezpsicoleg1\" \/>\n<meta property=\"article:modified_time\" content=\"2025-02-18T08:35:56+00:00\" \/>\n<meta name=\"twitter:label1\" content=\"Temps estimat de lectura\" \/>\n\t<meta name=\"twitter:data1\" content=\"2 minuts\" \/>\n<script type=\"application\/ld+json\" class=\"yoast-schema-graph\">{\"@context\":\"https:\/\/schema.org\",\"@graph\":[{\"@type\":\"WebPage\",\"@id\":\"https:\/\/davidgonzalez-psicoleg.com\/focusing\/\",\"url\":\"https:\/\/davidgonzalez-psicoleg.com\/focusing\/\",\"name\":\"Focusing: Conecta con tus emociones a trav\u00e9s de tu cuerpo - David Gonzalez\",\"isPartOf\":{\"@id\":\"https:\/\/davidgonzalez-psicoleg.com\/#website\"},\"datePublished\":\"2024-12-08T02:28:59+00:00\",\"dateModified\":\"2025-02-18T08:35:56+00:00\",\"description\":\"Focusing, una t\u00e9cnica desarrollada por Eugene T. Gendlin para conectar con sensaciones corporales y resolver bloqueos emocionales.\",\"breadcrumb\":{\"@id\":\"https:\/\/davidgonzalez-psicoleg.com\/focusing\/#breadcrumb\"},\"inLanguage\":\"ca\",\"potentialAction\":[{\"@type\":\"ReadAction\",\"target\":[\"https:\/\/davidgonzalez-psicoleg.com\/focusing\/\"]}]},{\"@type\":\"BreadcrumbList\",\"@id\":\"https:\/\/davidgonzalez-psicoleg.com\/focusing\/#breadcrumb\",\"itemListElement\":[{\"@type\":\"ListItem\",\"position\":1,\"name\":\"Home\",\"item\":\"https:\/\/davidgonzalez-psicoleg.com\/\"},{\"@type\":\"ListItem\",\"position\":2,\"name\":\"Focusing\"}]},{\"@type\":\"WebSite\",\"@id\":\"https:\/\/davidgonzalez-psicoleg.com\/#website\",\"url\":\"https:\/\/davidgonzalez-psicoleg.com\/\",\"name\":\"David Gonzalez Psicoleg\",\"description\":\"Psicolog\u00eda y crecimiento personal\",\"publisher\":{\"@id\":\"https:\/\/davidgonzalez-psicoleg.com\/#\/schema\/person\/740133b729916254cac5bea74fef5105\"},\"alternateName\":\"Psicoleg Gonzalez\",\"potentialAction\":[{\"@type\":\"SearchAction\",\"target\":{\"@type\":\"EntryPoint\",\"urlTemplate\":\"https:\/\/davidgonzalez-psicoleg.com\/?s={search_term_string}\"},\"query-input\":{\"@type\":\"PropertyValueSpecification\",\"valueRequired\":true,\"valueName\":\"search_term_string\"}}],\"inLanguage\":\"ca\"},{\"@type\":[\"Person\",\"Organization\"],\"@id\":\"https:\/\/davidgonzalez-psicoleg.com\/#\/schema\/person\/740133b729916254cac5bea74fef5105\",\"name\":\"David Gonz\u00e1lez\",\"image\":{\"@type\":\"ImageObject\",\"inLanguage\":\"ca\",\"@id\":\"https:\/\/davidgonzalez-psicoleg.com\/#\/schema\/person\/image\/\",\"url\":\"https:\/\/davidgonzalez-psicoleg.com\/wp-content\/uploads\/2024\/10\/LOGO4-Transparente.webp\",\"contentUrl\":\"https:\/\/davidgonzalez-psicoleg.com\/wp-content\/uploads\/2024\/10\/LOGO4-Transparente.webp\",\"width\":454,\"height\":136,\"caption\":\"David Gonz\u00e1lez\"},\"logo\":{\"@id\":\"https:\/\/davidgonzalez-psicoleg.com\/#\/schema\/person\/image\/\"},\"description\":\"Psic\u00f2leg, psicoterapeuta i formador. Apassionat de la vida i de les petites coses. Buscador inquiet. Amb vocaci\u00f3 de servei, sempre a punt per ajudar als altres.\",\"sameAs\":[\"http:\/\/www.davidgonzalez-psicoleg.com\",\"www.facebook.com\/davidgonzalezpsicoleg1\",\"https:\/\/x.com\/dagonpra\"]}]}<\/script>\n<!-- \/ Yoast SEO Premium plugin. -->","yoast_head_json":{"title":"Focusing: Conecta con tus emociones a trav\u00e9s de tu cuerpo - David Gonzalez","description":"Focusing, una t\u00e9cnica desarrollada por Eugene T. Gendlin para conectar con sensaciones corporales y resolver bloqueos emocionales.","robots":{"index":"index","follow":"follow","max-snippet":"max-snippet:-1","max-image-preview":"max-image-preview:large","max-video-preview":"max-video-preview:-1"},"canonical":"https:\/\/davidgonzalez-psicoleg.com\/ca\/focusing\/","og_locale":"ca_ES","og_type":"article","og_title":"Focusing","og_description":"Focusing, una t\u00e9cnica desarrollada por Eugene T. Gendlin para conectar con sensaciones corporales y resolver bloqueos emocionales.","og_url":"https:\/\/davidgonzalez-psicoleg.com\/ca\/focusing\/","og_site_name":"David Gonzalez","article_publisher":"www.facebook.com\/davidgonzalezpsicoleg1","article_modified_time":"2025-02-18T08:35:56+00:00","twitter_misc":{"Temps estimat de lectura":"2 minuts"},"schema":{"@context":"https:\/\/schema.org","@graph":[{"@type":"WebPage","@id":"https:\/\/davidgonzalez-psicoleg.com\/focusing\/","url":"https:\/\/davidgonzalez-psicoleg.com\/focusing\/","name":"Focusing: Conecta con tus emociones a trav\u00e9s de tu cuerpo - David Gonzalez","isPartOf":{"@id":"https:\/\/davidgonzalez-psicoleg.com\/#website"},"datePublished":"2024-12-08T02:28:59+00:00","dateModified":"2025-02-18T08:35:56+00:00","description":"Focusing, una t\u00e9cnica desarrollada por Eugene T. Gendlin para conectar con sensaciones corporales y resolver bloqueos emocionales.","breadcrumb":{"@id":"https:\/\/davidgonzalez-psicoleg.com\/focusing\/#breadcrumb"},"inLanguage":"ca","potentialAction":[{"@type":"ReadAction","target":["https:\/\/davidgonzalez-psicoleg.com\/focusing\/"]}]},{"@type":"BreadcrumbList","@id":"https:\/\/davidgonzalez-psicoleg.com\/focusing\/#breadcrumb","itemListElement":[{"@type":"ListItem","position":1,"name":"Home","item":"https:\/\/davidgonzalez-psicoleg.com\/"},{"@type":"ListItem","position":2,"name":"Focusing"}]},{"@type":"WebSite","@id":"https:\/\/davidgonzalez-psicoleg.com\/#website","url":"https:\/\/davidgonzalez-psicoleg.com\/","name":"David Gonzalez Psicoleg","description":"Psicolog\u00eda y crecimiento personal","publisher":{"@id":"https:\/\/davidgonzalez-psicoleg.com\/#\/schema\/person\/740133b729916254cac5bea74fef5105"},"alternateName":"Psicoleg Gonzalez","potentialAction":[{"@type":"SearchAction","target":{"@type":"EntryPoint","urlTemplate":"https:\/\/davidgonzalez-psicoleg.com\/?s={search_term_string}"},"query-input":{"@type":"PropertyValueSpecification","valueRequired":true,"valueName":"search_term_string"}}],"inLanguage":"ca"},{"@type":["Person","Organization"],"@id":"https:\/\/davidgonzalez-psicoleg.com\/#\/schema\/person\/740133b729916254cac5bea74fef5105","name":"David Gonz\u00e1lez","image":{"@type":"ImageObject","inLanguage":"ca","@id":"https:\/\/davidgonzalez-psicoleg.com\/#\/schema\/person\/image\/","url":"https:\/\/davidgonzalez-psicoleg.com\/wp-content\/uploads\/2024\/10\/LOGO4-Transparente.webp","contentUrl":"https:\/\/davidgonzalez-psicoleg.com\/wp-content\/uploads\/2024\/10\/LOGO4-Transparente.webp","width":454,"height":136,"caption":"David Gonz\u00e1lez"},"logo":{"@id":"https:\/\/davidgonzalez-psicoleg.com\/#\/schema\/person\/image\/"},"description":"Psic\u00f2leg, psicoterapeuta i formador. Apassionat de la vida i de les petites coses. Buscador inquiet. Amb vocaci\u00f3 de servei, sempre a punt per ajudar als altres.","sameAs":["http:\/\/www.davidgonzalez-psicoleg.com","www.facebook.com\/davidgonzalezpsicoleg1","https:\/\/x.com\/dagonpra"]}]}},"_links":{"self":[{"href":"https:\/\/davidgonzalez-psicoleg.com\/ca\/wp-json\/wp\/v2\/pages\/13539","targetHints":{"allow":["GET"]}}],"collection":[{"href":"https:\/\/davidgonzalez-psicoleg.com\/ca\/wp-json\/wp\/v2\/pages"}],"about":[{"href":"https:\/\/davidgonzalez-psicoleg.com\/ca\/wp-json\/wp\/v2\/types\/page"}],"author":[{"embeddable":true,"href":"https:\/\/davidgonzalez-psicoleg.com\/ca\/wp-json\/wp\/v2\/users\/2"}],"replies":[{"embeddable":true,"href":"https:\/\/davidgonzalez-psicoleg.com\/ca\/wp-json\/wp\/v2\/comments?post=13539"}],"version-history":[{"count":0,"href":"https:\/\/davidgonzalez-psicoleg.com\/ca\/wp-json\/wp\/v2\/pages\/13539\/revisions"}],"wp:attachment":[{"href":"https:\/\/davidgonzalez-psicoleg.com\/ca\/wp-json\/wp\/v2\/media?parent=13539"}],"curies":[{"name":"wp","href":"https:\/\/api.w.org\/{rel}","templated":true}]}}