{"id":13482,"date":"2024-12-07T23:19:02","date_gmt":"2024-12-07T23:19:02","guid":{"rendered":"https:\/\/davidgonzalez-psicoleg.com\/?page_id=13482"},"modified":"2025-02-18T04:56:42","modified_gmt":"2025-02-18T04:56:42","slug":"brainspotting","status":"publish","type":"page","link":"https:\/\/davidgonzalez-psicoleg.com\/ca\/brainspotting\/","title":{"rendered":"Brainspotting"},"content":{"rendered":"<div data-elementor-type=\"wp-page\" data-elementor-id=\"13482\" class=\"elementor elementor-13482\" data-elementor-post-type=\"page\">\n\t\t\t\t<div class=\"elementor-element elementor-element-62ea607 e-con-full e-flex e-con e-parent\" data-id=\"62ea607\" data-element_type=\"container\">\n\t\t<div class=\"elementor-element elementor-element-f2d0cd3 e-con-full e-flex e-con e-child\" data-id=\"f2d0cd3\" data-element_type=\"container\" data-settings=\"{&quot;background_background&quot;:&quot;classic&quot;}\">\n\t\t\t\t<div class=\"elementor-element elementor-element-d293a68 elementor-widget elementor-widget-text-editor\" data-id=\"d293a68\" data-element_type=\"widget\" data-widget_type=\"text-editor.default\">\n\t\t\t\t<div class=\"elementor-widget-container\">\n\t\t\t\t\t\t\t\t\t<p>BRAINSPOTTING: <strong><b>\u2018<\/b><\/strong><strong><em><b><i>La direcci\u00f3 de la teva mirada connecta amb el que sents.<\/i><\/b><\/em><\/strong>.<\/p>\t\t\t\t\t\t\t\t<\/div>\n\t\t\t\t<\/div>\n\t\t\t\t<div class=\"elementor-element elementor-element-0b9fda5 e-transform elementor-widget elementor-widget-heading\" data-id=\"0b9fda5\" data-element_type=\"widget\" data-settings=\"{&quot;_transform_translateX_effect&quot;:{&quot;unit&quot;:&quot;px&quot;,&quot;size&quot;:0,&quot;sizes&quot;:[]},&quot;_transform_translateY_effect&quot;:{&quot;unit&quot;:&quot;px&quot;,&quot;size&quot;:100,&quot;sizes&quot;:[]},&quot;xpro_backdrop_filter&quot;:&quot;yes&quot;,&quot;_transform_translateX_effect_mobile&quot;:{&quot;unit&quot;:&quot;px&quot;,&quot;size&quot;:0,&quot;sizes&quot;:[]},&quot;_transform_translateY_effect_mobile&quot;:{&quot;unit&quot;:&quot;px&quot;,&quot;size&quot;:0,&quot;sizes&quot;:[]},&quot;_transform_translateX_effect_tablet&quot;:{&quot;unit&quot;:&quot;px&quot;,&quot;size&quot;:&quot;&quot;,&quot;sizes&quot;:[]},&quot;_transform_translateY_effect_tablet&quot;:{&quot;unit&quot;:&quot;px&quot;,&quot;size&quot;:&quot;&quot;,&quot;sizes&quot;:[]}}\" data-widget_type=\"heading.default\">\n\t\t\t\t<div class=\"elementor-widget-container\">\n\t\t\t\t\t<h2 class=\"elementor-heading-title elementor-size-default\">BRAINSPOTTING<\/h2>\t\t\t\t<\/div>\n\t\t\t\t<\/div>\n\t\t\t\t<\/div>\n\t\t<div class=\"elementor-element elementor-element-9efd9c8 e-con-full e-flex e-con e-child\" data-id=\"9efd9c8\" data-element_type=\"container\">\n\t\t<div class=\"elementor-element elementor-element-302d814 e-con-full e-flex e-con e-child\" data-id=\"302d814\" data-element_type=\"container\">\n\t\t<div class=\"elementor-element elementor-element-2e5b530 e-con-full e-flex e-con e-child\" data-id=\"2e5b530\" data-element_type=\"container\">\n\t\t\t\t<div class=\"elementor-element elementor-element-d649978 elementor-widget elementor-widget-image\" data-id=\"d649978\" data-element_type=\"widget\" data-widget_type=\"image.default\">\n\t\t\t\t<div class=\"elementor-widget-container\">\n\t\t\t\t\t\t\t\t\t\t\t\t\t\t\t<img fetchpriority=\"high\" decoding=\"async\" width=\"1200\" height=\"469\" src=\"https:\/\/davidgonzalez-psicoleg.com\/wp-content\/uploads\/2025\/02\/brainspotting-1.webp\" class=\"attachment-2048x2048 size-2048x2048 wp-image-14217 not-transparent\" alt=\"\" srcset=\"https:\/\/davidgonzalez-psicoleg.com\/wp-content\/uploads\/2025\/02\/brainspotting-1.webp 1200w, https:\/\/davidgonzalez-psicoleg.com\/wp-content\/uploads\/2025\/02\/brainspotting-1-300x117.webp 300w, https:\/\/davidgonzalez-psicoleg.com\/wp-content\/uploads\/2025\/02\/brainspotting-1-1024x400.webp 1024w, https:\/\/davidgonzalez-psicoleg.com\/wp-content\/uploads\/2025\/02\/brainspotting-1-768x300.webp 768w, https:\/\/davidgonzalez-psicoleg.com\/wp-content\/uploads\/2025\/02\/brainspotting-1-18x7.webp 18w\" sizes=\"(max-width: 1200px) 100vw, 1200px\" data-has-transparency=\"false\" data-dominant-color=\"375669\" style=\"--dominant-color: #375669\" \/>\t\t\t\t\t\t\t\t\t\t\t\t\t\t\t<\/div>\n\t\t\t\t<\/div>\n\t\t\t\t<div class=\"elementor-element elementor-element-afeb3d6 elementor-widget elementor-widget-text-editor\" data-id=\"afeb3d6\" data-element_type=\"widget\" data-widget_type=\"text-editor.default\">\n\t\t\t\t<div class=\"elementor-widget-container\">\n\t\t\t\t\t\t\t\t\t<p><strong><em><b><i>\u2018Els ulls s\u00f3n la finestra de l'\u00e0nima\u2019 (Shakespeare)<\/i><\/b><\/em><\/strong><\/p><p>El brainspotting es una t\u00e9cnica terap\u00e9utica de neuroreprocesamiento. Se utiliza para tratar traumas y otros problemas y conflictos emocionales. Fue desarrollada por el psic\u00f3logo David Grand en 2003 y se basa en la idea de que los ojos pueden ayudar a acceder a experiencias emocionales y recuerdos almacenados en el cerebro.<\/p><p>La t\u00e9cnica se centra en identificar \u00abpuntos de atenci\u00f3n\u00bb en el campo visual del paciente, que son posiciones o lugares donde la mirada se detiene y que est\u00e1n relacionados con experiencias emocionales espec\u00edficas. Al mantener la atenci\u00f3n en estos puntos mientras se exploran las emociones y recuerdos asociados, se puede facilitar un proceso de sanaci\u00f3n y liberaci\u00f3n emocional.<\/p><p>\u00a0<\/p>\t\t\t\t\t\t\t\t<\/div>\n\t\t\t\t<\/div>\n\t\t\t\t<\/div>\n\t\t\t\t<\/div>\n\t\t<div class=\"elementor-element elementor-element-cf35a93 e-con-full e-flex e-con e-child\" data-id=\"cf35a93\" data-element_type=\"container\">\n\t\t<div class=\"elementor-element elementor-element-c9d8b5f e-con-full e-flex e-con e-child\" data-id=\"c9d8b5f\" data-element_type=\"container\">\n\t\t\t\t<div class=\"elementor-element elementor-element-f3f9d3e elementor-widget elementor-widget-text-editor\" data-id=\"f3f9d3e\" data-element_type=\"widget\" data-widget_type=\"text-editor.default\">\n\t\t\t\t<div class=\"elementor-widget-container\">\n\t\t\t\t\t\t\t\t\t<p class=\"translation-block\">El brainspotting s\u2019utilitza en una varietat de contextos, incloent-hi ter\u00e0pia individual, tractament de traumes, ansietat, depressi\u00f3 i estr\u00e8s posttraum\u00e0tic. Es considera una eina poderosa perqu\u00e8 permet als pacients accedir a les seves emocions d\u2019una manera segura i controlada, promovent aix\u00ed una major consci\u00e8ncia i resoluci\u00f3 dels seus problemes.<br><br>En resum, el brainspotting \u00e9s una t\u00e8cnica que combina l\u2019atenci\u00f3 visual amb l\u2019exploraci\u00f3 emocional per ajudar les persones a processar i sanar d\u2019experi\u00e8ncies dif\u00edcils.<\/p><p><a href=\"https:\/\/davidgonzalez-psicoleg.com\/wp-content\/uploads\/2024\/12\/ARTICULO-BRAINSPOTTING.pdf\" target=\"_blank\" rel=\"noopener\">Leer m\u00e9s<\/a><\/p>\t\t\t\t\t\t\t\t<\/div>\n\t\t\t\t<\/div>\n\t\t\t\t<\/div>\n\t\t\t\t<\/div>\n\t\t<div class=\"elementor-element elementor-element-1506505 e-con-full e-flex e-con e-child\" data-id=\"1506505\" data-element_type=\"container\">\n\t\t<div class=\"elementor-element elementor-element-df7d6e7 e-con-full e-flex e-con e-child\" data-id=\"df7d6e7\" data-element_type=\"container\">\n\t\t\t\t<div class=\"elementor-element elementor-element-b69b4af elementor-widget elementor-widget-text-editor\" data-id=\"b69b4af\" data-element_type=\"widget\" data-widget_type=\"text-editor.default\">\n\t\t\t\t<div class=\"elementor-widget-container\">\n\t\t\t\t\t\t\t\t\t<p>El brainspotting es basa en la connexi\u00f3 entre la visi\u00f3 i el processament emocional. La t\u00e8cnica se centra a identificar \u00abpunts d\u2019atenci\u00f3\u00bb al camp visual que estan relacionats amb experi\u00e8ncies emocionals o traumes. En fixar la mirada en aquests punts, es pot accedir a records i emocions que poden estar bloquejats o reprimits.<br \/><br \/><\/p>\t\t\t\t\t\t\t\t<\/div>\n\t\t\t\t<\/div>\n\t\t\t\t<\/div>\n\t\t<div class=\"elementor-element elementor-element-d0a2637 e-con-full e-flex e-con e-child\" data-id=\"d0a2637\" data-element_type=\"container\">\n\t\t\t\t<div class=\"elementor-element elementor-element-014bdcc elementor-widget elementor-widget-heading\" data-id=\"014bdcc\" data-element_type=\"widget\" data-settings=\"{&quot;xpro_backdrop_filter&quot;:&quot;yes&quot;}\" data-widget_type=\"heading.default\">\n\t\t\t\t<div class=\"elementor-widget-container\">\n\t\t\t\t\t<h2 class=\"elementor-heading-title elementor-size-default\">Per qu\u00e8 funciona el brainspotting:<\/h2>\t\t\t\t<\/div>\n\t\t\t\t<\/div>\n\t\t\t\t<\/div>\n\t\t\t\t<\/div>\n\t\t<div class=\"elementor-element elementor-element-061f4ba e-con-full e-flex e-con e-child\" data-id=\"061f4ba\" data-element_type=\"container\">\n\t\t<div class=\"elementor-element elementor-element-c570558 e-con-full e-flex e-con e-child\" data-id=\"c570558\" data-element_type=\"container\">\n\t\t\t\t<div class=\"elementor-element elementor-element-31bd83e elementor-widget elementor-widget-heading\" data-id=\"31bd83e\" data-element_type=\"widget\" data-settings=\"{&quot;xpro_backdrop_filter&quot;:&quot;yes&quot;}\" data-widget_type=\"heading.default\">\n\t\t\t\t<div class=\"elementor-widget-container\">\n\t\t\t\t\t<h2 class=\"elementor-heading-title elementor-size-default\">Aqu\u00ed tens algunes raons per les quals es considera efectiu el brainspotting<\/h2>\t\t\t\t<\/div>\n\t\t\t\t<\/div>\n\t\t\t\t<\/div>\n\t\t<div class=\"elementor-element elementor-element-26a9a3a e-con-full e-flex e-con e-child\" data-id=\"26a9a3a\" data-element_type=\"container\">\n\t\t\t\t<div class=\"elementor-element elementor-element-65c39ce elementor-widget elementor-widget-text-editor\" data-id=\"65c39ce\" data-element_type=\"widget\" data-widget_type=\"text-editor.default\">\n\t\t\t\t<div class=\"elementor-widget-container\">\n\t\t\t\t\t\t\t\t\t<ol><li class=\"translation-block\"><strong><b>Acc\u00e9s a emocions profundes<\/b><\/strong>: En concentrar-se en un punt espec\u00edfic, es facilita l'acc\u00e9s a emocions i records que poden ser dif\u00edcils de processar d'una altra manera.<\/li><\/ol><p class=\"translation-block\">2. <strong><b>Desensibilitzaci\u00f3<\/b><\/strong>: La t\u00e8cnica pot ajudar a desensibilitzar la persona davant de records dolorosos, permetent que es processen de manera m\u00e9s saludable.<\/p><p class=\"translation-block\">3. <strong><b>Integraci\u00f3 del cervell<\/b><\/strong>: Es creu que el Brainspotting ajuda a integrar les funcions del cervell, permetent que les experi\u00e8ncies traum\u00e0tiques es processen de manera m\u00e9s completa.<\/p><p class=\"translation-block\">4. <strong><b>Enfocament individualitzat<\/b><\/strong>: Cadascuna persona pot tenir punts diferents que ressonen amb les seves experi\u00e8ncies, la qual cosa fa que l'enfocament sigui molt personalitzat.<\/p><p><a href=\"https:\/\/www.lavanguardia.com\/lacontra\/20160110\/301318228472\/todos-tenemos-traumas-que-se-forjaron-a-edad-muy-temprana.html\" target=\"_blank\" rel=\"noopener\">Entrevista con David Grand<\/a><\/p>\t\t\t\t\t\t\t\t<\/div>\n\t\t\t\t<\/div>\n\t\t\t\t<\/div>\n\t\t\t\t<\/div>\n\t\t\t\t<\/div>\n\t\t\t\t<\/div>\n\t\t<div class=\"elementor-element elementor-element-9d4d0c9 e-flex e-con-boxed e-con e-parent\" data-id=\"9d4d0c9\" data-element_type=\"container\">\n\t\t\t\t\t<div class=\"e-con-inner\">\n\t\t\t\t\t<\/div>\n\t\t\t\t<\/div>\n\t\t\t\t<section class=\"elementor-section elementor-top-section elementor-element elementor-element-cf71696 elementor-section-height-min-height elementor-section-boxed elementor-section-height-default elementor-section-items-middle\" data-id=\"cf71696\" data-element_type=\"section\" data-settings=\"{&quot;background_background&quot;:&quot;gradient&quot;}\">\n\t\t\t\t\t\t\t<div class=\"elementor-background-overlay\"><\/div>\n\t\t\t\t\t\t\t<div class=\"elementor-container elementor-column-gap-default\">\n\t\t\t\t\t<div class=\"elementor-column elementor-col-100 elementor-top-column elementor-element elementor-element-bf0d18d\" data-id=\"bf0d18d\" data-element_type=\"column\">\n\t\t\t<div class=\"elementor-widget-wrap elementor-element-populated\">\n\t\t\t\t\t\t<section class=\"elementor-section elementor-inner-section elementor-element elementor-element-083512f elementor-section-boxed elementor-section-height-default elementor-section-height-default\" data-id=\"083512f\" data-element_type=\"section\">\n\t\t\t\t\t\t<div class=\"elementor-container elementor-column-gap-default\">\n\t\t\t\t\t<div class=\"elementor-column elementor-col-50 elementor-inner-column elementor-element elementor-element-608b73a\" data-id=\"608b73a\" data-element_type=\"column\">\n\t\t\t<div class=\"elementor-widget-wrap elementor-element-populated\">\n\t\t\t\t\t\t<div class=\"elementor-element elementor-element-6792441 elementor-widget elementor-widget-elementskit-heading\" data-id=\"6792441\" data-element_type=\"widget\" data-widget_type=\"elementskit-heading.default\">\n\t\t\t\t<div class=\"elementor-widget-container\">\n\t\t\t\t\t<div class=\"ekit-wid-con\" ><div class=\"ekit-heading elementskit-section-title-wraper text_left   ekit_heading_tablet-   ekit_heading_mobile-text_center translation-block\">Sessions de psicoter\u00e0pia Online i presencial <span>Click per agendar la teva cita<\/span><\/div><\/div>\t\t\t\t<\/div>\n\t\t\t\t<\/div>\n\t\t\t\t\t<\/div>\n\t\t<\/div>\n\t\t\t\t<div class=\"elementor-column elementor-col-50 elementor-inner-column elementor-element elementor-element-53d606a\" data-id=\"53d606a\" data-element_type=\"column\">\n\t\t\t<div class=\"elementor-widget-wrap\">\n\t\t\t\t\t\t\t<\/div>\n\t\t<\/div>\n\t\t\t\t\t<\/div>\n\t\t<\/section>\n\t\t\t\t\t<\/div>\n\t\t<\/div>\n\t\t\t\t\t<\/div>\n\t\t<\/section>\n\t\t\t\t<\/div>","protected":false},"excerpt":{"rendered":"<p>BRAINSPOTTING: \u2018La direcci\u00f3n de tu mirada conecta con lo que sientes\u2019. BRAINSPOTTING \u2018Los ojos son la ventana del alma\u2019 (Shakespeare) [&hellip;]<\/p>","protected":false},"author":2,"featured_media":0,"parent":0,"menu_order":0,"comment_status":"closed","ping_status":"closed","template":"","meta":{"site-sidebar-layout":"no-sidebar","site-content-layout":"","ast-site-content-layout":"full-width-container","site-content-style":"default","site-sidebar-style":"default","ast-global-header-display":"","ast-banner-title-visibility":"","ast-main-header-display":"","ast-hfb-above-header-display":"","ast-hfb-below-header-display":"","ast-hfb-mobile-header-display":"","site-post-title":"disabled","ast-breadcrumbs-content":"","ast-featured-img":"disabled","footer-sml-layout":"","theme-transparent-header-meta":"default","adv-header-id-meta":"","stick-header-meta":"","header-above-stick-meta":"","header-main-stick-meta":"","header-below-stick-meta":"","astra-migrate-meta-layouts":"set","ast-page-background-enabled":"default","ast-page-background-meta":{"desktop":{"background-color":"var(--ast-global-color-4)","background-image":"","background-repeat":"repeat","background-position":"center center","background-size":"auto","background-attachment":"scroll","background-type":"","background-media":"","overlay-type":"","overlay-color":"","overlay-opacity":"","overlay-gradient":""},"tablet":{"background-color":"","background-image":"","background-repeat":"repeat","background-position":"center center","background-size":"auto","background-attachment":"scroll","background-type":"","background-media":"","overlay-type":"","overlay-color":"","overlay-opacity":"","overlay-gradient":""},"mobile":{"background-color":"","background-image":"","background-repeat":"repeat","background-position":"center center","background-size":"auto","background-attachment":"scroll","background-type":"","background-media":"","overlay-type":"","overlay-color":"","overlay-opacity":"","overlay-gradient":""}},"ast-content-background-meta":{"desktop":{"background-color":"var(--ast-global-color-5)","background-image":"","background-repeat":"repeat","background-position":"center center","background-size":"auto","background-attachment":"scroll","background-type":"","background-media":"","overlay-type":"","overlay-color":"","overlay-opacity":"","overlay-gradient":""},"tablet":{"background-color":"var(--ast-global-color-5)","background-image":"","background-repeat":"repeat","background-position":"center center","background-size":"auto","background-attachment":"scroll","background-type":"","background-media":"","overlay-type":"","overlay-color":"","overlay-opacity":"","overlay-gradient":""},"mobile":{"background-color":"var(--ast-global-color-5)","background-image":"","background-repeat":"repeat","background-position":"center center","background-size":"auto","background-attachment":"scroll","background-type":"","background-media":"","overlay-type":"","overlay-color":"","overlay-opacity":"","overlay-gradient":""}},"footnotes":""},"class_list":["post-13482","page","type-page","status-publish","hentry"],"yoast_head":"<!-- This site is optimized with the Yoast SEO Premium plugin v24.1 (Yoast SEO v26.8) - https:\/\/yoast.com\/product\/yoast-seo-premium-wordpress\/ -->\n<title>Brainspotting - David Gonzalez - T\u00e9cnicas de neuroreprocesamiento<\/title>\n<meta name=\"description\" content=\"Brainspotting, una t\u00e9cnica de neuroreprocesamiento desarrollada por David Grand para tratar traumas, ansiedad y conflictos emocionales.\" \/>\n<meta name=\"robots\" content=\"index, follow, max-snippet:-1, max-image-preview:large, max-video-preview:-1\" \/>\n<link rel=\"canonical\" href=\"https:\/\/davidgonzalez-psicoleg.com\/ca\/brainspotting\/\" \/>\n<meta property=\"og:locale\" content=\"ca_ES\" \/>\n<meta property=\"og:type\" content=\"article\" \/>\n<meta property=\"og:title\" content=\"Brainspotting\" \/>\n<meta property=\"og:description\" content=\"Brainspotting, una t\u00e9cnica de neuroreprocesamiento desarrollada por David Grand para tratar traumas, ansiedad y conflictos emocionales.\" \/>\n<meta property=\"og:url\" content=\"https:\/\/davidgonzalez-psicoleg.com\/ca\/brainspotting\/\" \/>\n<meta property=\"og:site_name\" content=\"David Gonzalez\" \/>\n<meta property=\"article:publisher\" content=\"www.facebook.com\/davidgonzalezpsicoleg1\" \/>\n<meta property=\"article:modified_time\" content=\"2025-02-18T04:56:42+00:00\" \/>\n<meta property=\"og:image\" content=\"https:\/\/davidgonzalez-psicoleg.com\/wp-content\/uploads\/2025\/02\/brainspotting-1.webp\" \/>\n\t<meta property=\"og:image:width\" content=\"1200\" \/>\n\t<meta property=\"og:image:height\" content=\"469\" \/>\n\t<meta property=\"og:image:type\" content=\"image\/webp\" \/>\n<meta name=\"twitter:label1\" content=\"Temps estimat de lectura\" \/>\n\t<meta name=\"twitter:data1\" content=\"3 minuts\" \/>\n<script type=\"application\/ld+json\" class=\"yoast-schema-graph\">{\"@context\":\"https:\/\/schema.org\",\"@graph\":[{\"@type\":\"WebPage\",\"@id\":\"https:\/\/davidgonzalez-psicoleg.com\/brainspotting\/\",\"url\":\"https:\/\/davidgonzalez-psicoleg.com\/brainspotting\/\",\"name\":\"Brainspotting - David Gonzalez - T\u00e9cnicas de neuroreprocesamiento\",\"isPartOf\":{\"@id\":\"https:\/\/davidgonzalez-psicoleg.com\/#website\"},\"primaryImageOfPage\":{\"@id\":\"https:\/\/davidgonzalez-psicoleg.com\/brainspotting\/#primaryimage\"},\"image\":{\"@id\":\"https:\/\/davidgonzalez-psicoleg.com\/brainspotting\/#primaryimage\"},\"thumbnailUrl\":\"https:\/\/davidgonzalez-psicoleg.com\/wp-content\/uploads\/2025\/02\/brainspotting-1.webp\",\"datePublished\":\"2024-12-07T23:19:02+00:00\",\"dateModified\":\"2025-02-18T04:56:42+00:00\",\"description\":\"Brainspotting, una t\u00e9cnica de neuroreprocesamiento desarrollada por David Grand para tratar traumas, ansiedad y conflictos emocionales.\",\"breadcrumb\":{\"@id\":\"https:\/\/davidgonzalez-psicoleg.com\/brainspotting\/#breadcrumb\"},\"inLanguage\":\"ca\",\"potentialAction\":[{\"@type\":\"ReadAction\",\"target\":[\"https:\/\/davidgonzalez-psicoleg.com\/brainspotting\/\"]}]},{\"@type\":\"ImageObject\",\"inLanguage\":\"ca\",\"@id\":\"https:\/\/davidgonzalez-psicoleg.com\/brainspotting\/#primaryimage\",\"url\":\"https:\/\/davidgonzalez-psicoleg.com\/wp-content\/uploads\/2025\/02\/brainspotting-1.webp\",\"contentUrl\":\"https:\/\/davidgonzalez-psicoleg.com\/wp-content\/uploads\/2025\/02\/brainspotting-1.webp\"},{\"@type\":\"BreadcrumbList\",\"@id\":\"https:\/\/davidgonzalez-psicoleg.com\/brainspotting\/#breadcrumb\",\"itemListElement\":[{\"@type\":\"ListItem\",\"position\":1,\"name\":\"Home\",\"item\":\"https:\/\/davidgonzalez-psicoleg.com\/\"},{\"@type\":\"ListItem\",\"position\":2,\"name\":\"Brainspotting\"}]},{\"@type\":\"WebSite\",\"@id\":\"https:\/\/davidgonzalez-psicoleg.com\/#website\",\"url\":\"https:\/\/davidgonzalez-psicoleg.com\/\",\"name\":\"David Gonzalez Psicoleg\",\"description\":\"Psicolog\u00eda y crecimiento personal\",\"publisher\":{\"@id\":\"https:\/\/davidgonzalez-psicoleg.com\/#\/schema\/person\/740133b729916254cac5bea74fef5105\"},\"alternateName\":\"Psicoleg Gonzalez\",\"potentialAction\":[{\"@type\":\"SearchAction\",\"target\":{\"@type\":\"EntryPoint\",\"urlTemplate\":\"https:\/\/davidgonzalez-psicoleg.com\/?s={search_term_string}\"},\"query-input\":{\"@type\":\"PropertyValueSpecification\",\"valueRequired\":true,\"valueName\":\"search_term_string\"}}],\"inLanguage\":\"ca\"},{\"@type\":[\"Person\",\"Organization\"],\"@id\":\"https:\/\/davidgonzalez-psicoleg.com\/#\/schema\/person\/740133b729916254cac5bea74fef5105\",\"name\":\"David Gonz\u00e1lez\",\"image\":{\"@type\":\"ImageObject\",\"inLanguage\":\"ca\",\"@id\":\"https:\/\/davidgonzalez-psicoleg.com\/#\/schema\/person\/image\/\",\"url\":\"https:\/\/davidgonzalez-psicoleg.com\/wp-content\/uploads\/2024\/10\/LOGO4-Transparente.webp\",\"contentUrl\":\"https:\/\/davidgonzalez-psicoleg.com\/wp-content\/uploads\/2024\/10\/LOGO4-Transparente.webp\",\"width\":454,\"height\":136,\"caption\":\"David Gonz\u00e1lez\"},\"logo\":{\"@id\":\"https:\/\/davidgonzalez-psicoleg.com\/#\/schema\/person\/image\/\"},\"description\":\"Psic\u00f2leg, psicoterapeuta i formador. Apassionat de la vida i de les petites coses. Buscador inquiet. Amb vocaci\u00f3 de servei, sempre a punt per ajudar als altres.\",\"sameAs\":[\"http:\/\/www.davidgonzalez-psicoleg.com\",\"www.facebook.com\/davidgonzalezpsicoleg1\",\"https:\/\/x.com\/dagonpra\"]}]}<\/script>\n<!-- \/ Yoast SEO Premium plugin. -->","yoast_head_json":{"title":"Brainspotting - David Gonzalez - T\u00e9cnicas de neuroreprocesamiento","description":"Brainspotting, una t\u00e9cnica de neuroreprocesamiento desarrollada por David Grand para tratar traumas, ansiedad y conflictos emocionales.","robots":{"index":"index","follow":"follow","max-snippet":"max-snippet:-1","max-image-preview":"max-image-preview:large","max-video-preview":"max-video-preview:-1"},"canonical":"https:\/\/davidgonzalez-psicoleg.com\/ca\/brainspotting\/","og_locale":"ca_ES","og_type":"article","og_title":"Brainspotting","og_description":"Brainspotting, una t\u00e9cnica de neuroreprocesamiento desarrollada por David Grand para tratar traumas, ansiedad y conflictos emocionales.","og_url":"https:\/\/davidgonzalez-psicoleg.com\/ca\/brainspotting\/","og_site_name":"David Gonzalez","article_publisher":"www.facebook.com\/davidgonzalezpsicoleg1","article_modified_time":"2025-02-18T04:56:42+00:00","og_image":[{"width":1200,"height":469,"url":"https:\/\/davidgonzalez-psicoleg.com\/wp-content\/uploads\/2025\/02\/brainspotting-1.webp","type":"image\/webp"}],"twitter_misc":{"Temps estimat de lectura":"3 minuts"},"schema":{"@context":"https:\/\/schema.org","@graph":[{"@type":"WebPage","@id":"https:\/\/davidgonzalez-psicoleg.com\/brainspotting\/","url":"https:\/\/davidgonzalez-psicoleg.com\/brainspotting\/","name":"Brainspotting - David Gonzalez - T\u00e9cnicas de neuroreprocesamiento","isPartOf":{"@id":"https:\/\/davidgonzalez-psicoleg.com\/#website"},"primaryImageOfPage":{"@id":"https:\/\/davidgonzalez-psicoleg.com\/brainspotting\/#primaryimage"},"image":{"@id":"https:\/\/davidgonzalez-psicoleg.com\/brainspotting\/#primaryimage"},"thumbnailUrl":"https:\/\/davidgonzalez-psicoleg.com\/wp-content\/uploads\/2025\/02\/brainspotting-1.webp","datePublished":"2024-12-07T23:19:02+00:00","dateModified":"2025-02-18T04:56:42+00:00","description":"Brainspotting, una t\u00e9cnica de neuroreprocesamiento desarrollada por David Grand para tratar traumas, ansiedad y conflictos emocionales.","breadcrumb":{"@id":"https:\/\/davidgonzalez-psicoleg.com\/brainspotting\/#breadcrumb"},"inLanguage":"ca","potentialAction":[{"@type":"ReadAction","target":["https:\/\/davidgonzalez-psicoleg.com\/brainspotting\/"]}]},{"@type":"ImageObject","inLanguage":"ca","@id":"https:\/\/davidgonzalez-psicoleg.com\/brainspotting\/#primaryimage","url":"https:\/\/davidgonzalez-psicoleg.com\/wp-content\/uploads\/2025\/02\/brainspotting-1.webp","contentUrl":"https:\/\/davidgonzalez-psicoleg.com\/wp-content\/uploads\/2025\/02\/brainspotting-1.webp"},{"@type":"BreadcrumbList","@id":"https:\/\/davidgonzalez-psicoleg.com\/brainspotting\/#breadcrumb","itemListElement":[{"@type":"ListItem","position":1,"name":"Home","item":"https:\/\/davidgonzalez-psicoleg.com\/"},{"@type":"ListItem","position":2,"name":"Brainspotting"}]},{"@type":"WebSite","@id":"https:\/\/davidgonzalez-psicoleg.com\/#website","url":"https:\/\/davidgonzalez-psicoleg.com\/","name":"David Gonzalez Psicoleg","description":"Psicolog\u00eda y crecimiento personal","publisher":{"@id":"https:\/\/davidgonzalez-psicoleg.com\/#\/schema\/person\/740133b729916254cac5bea74fef5105"},"alternateName":"Psicoleg Gonzalez","potentialAction":[{"@type":"SearchAction","target":{"@type":"EntryPoint","urlTemplate":"https:\/\/davidgonzalez-psicoleg.com\/?s={search_term_string}"},"query-input":{"@type":"PropertyValueSpecification","valueRequired":true,"valueName":"search_term_string"}}],"inLanguage":"ca"},{"@type":["Person","Organization"],"@id":"https:\/\/davidgonzalez-psicoleg.com\/#\/schema\/person\/740133b729916254cac5bea74fef5105","name":"David Gonz\u00e1lez","image":{"@type":"ImageObject","inLanguage":"ca","@id":"https:\/\/davidgonzalez-psicoleg.com\/#\/schema\/person\/image\/","url":"https:\/\/davidgonzalez-psicoleg.com\/wp-content\/uploads\/2024\/10\/LOGO4-Transparente.webp","contentUrl":"https:\/\/davidgonzalez-psicoleg.com\/wp-content\/uploads\/2024\/10\/LOGO4-Transparente.webp","width":454,"height":136,"caption":"David Gonz\u00e1lez"},"logo":{"@id":"https:\/\/davidgonzalez-psicoleg.com\/#\/schema\/person\/image\/"},"description":"Psic\u00f2leg, psicoterapeuta i formador. Apassionat de la vida i de les petites coses. Buscador inquiet. Amb vocaci\u00f3 de servei, sempre a punt per ajudar als altres.","sameAs":["http:\/\/www.davidgonzalez-psicoleg.com","www.facebook.com\/davidgonzalezpsicoleg1","https:\/\/x.com\/dagonpra"]}]}},"_links":{"self":[{"href":"https:\/\/davidgonzalez-psicoleg.com\/ca\/wp-json\/wp\/v2\/pages\/13482","targetHints":{"allow":["GET"]}}],"collection":[{"href":"https:\/\/davidgonzalez-psicoleg.com\/ca\/wp-json\/wp\/v2\/pages"}],"about":[{"href":"https:\/\/davidgonzalez-psicoleg.com\/ca\/wp-json\/wp\/v2\/types\/page"}],"author":[{"embeddable":true,"href":"https:\/\/davidgonzalez-psicoleg.com\/ca\/wp-json\/wp\/v2\/users\/2"}],"replies":[{"embeddable":true,"href":"https:\/\/davidgonzalez-psicoleg.com\/ca\/wp-json\/wp\/v2\/comments?post=13482"}],"version-history":[{"count":0,"href":"https:\/\/davidgonzalez-psicoleg.com\/ca\/wp-json\/wp\/v2\/pages\/13482\/revisions"}],"wp:attachment":[{"href":"https:\/\/davidgonzalez-psicoleg.com\/ca\/wp-json\/wp\/v2\/media?parent=13482"}],"curies":[{"name":"wp","href":"https:\/\/api.w.org\/{rel}","templated":true}]}}